{"id":97,"date":"2020-05-23T22:37:42","date_gmt":"2020-05-23T20:37:42","guid":{"rendered":"https:\/\/www.mcca-ain.org\/rupture\/?page_id=97"},"modified":"2026-01-18T18:34:24","modified_gmt":"2026-01-18T17:34:24","slug":"bienvenue-sur-le-site-collaboratif-des-jours-heureux","status":"publish","type":"page","link":"https:\/\/www.mcca-ain.org\/rupture\/","title":{"rendered":"Ensemble vers des jours heureux, ensemble co-construisons l&rsquo;avenir et notre \u00e9mancipation"},"content":{"rendered":"\n<p>Ici nous <strong>\u00e9laborons ensemble le devenir de notre plan\u00e8te commune, en rupture avec le mod\u00e8le de pr\u00e9dation et de comp\u00e9tition<\/strong> qui a pr\u00e9valu depuis des si\u00e8cles jusqu&rsquo;\u00e0 nos jours. Il ne peut \u00eatre concevable, au sortir de la crise sanitaire internationale en cours, que le monde reprenne comme avant sa marche d\u00e9lirante et suicidaire.<\/p>\n\n\n\n<p>D\u00e9j\u00e0, \u00e0 travers le monde, des exp\u00e9riences et des pratiques alternatives et participatives de transformation sont mises en oeuvre par des communaut\u00e9s humaines. L&rsquo;AN 1 commence. <\/p>\n\n\n\n<p><strong>Ce site collaboratif des jours heureux fonctionne comme une agora, un forum. Chacun-e peut y proposer et pr\u00e9senter ses r\u00e9flexions et ses propositions pour un monde meilleur<\/strong>. Toute id\u00e9e, tout projet peut \u00eatre enrichi, ajust\u00e9 et peaufin\u00e9. Il ne s&rsquo;agit pas d&rsquo;opposer un d\u00e9saveu \u00e0 la proposition mais de l&rsquo;enrichir. Tout comme de se rencontrer pour <strong>la suite \u00e0 donner en actions<\/strong> sur le terrain, localement, r\u00e9gionalement,&#8230;<\/p>\n\n\n\n<p>Pour d\u00e9poser une contribution, co-cr\u00e9er et co-\u00e9laborer vous devez ouvrir ici un <strong>acc\u00e8s gratuit : <a href=\"https:\/\/www.mcca-ain.org\/rupture\/\/wp-login.php?action=register\">contributeur<\/a><\/strong><\/p>\n\n\n\n<pre class=\"wp-block-verse\"><em>S\u00e9curit\u00e9 : Rupture.direct est s\u00e9curis\u00e9 https avec certificat ssl qui crypte les connexions (v\u00e9rifiez dans la barre d'adresse la pr\u00e9sence effective du \"http<strong>s<\/strong>\", sinon quitter le site). Nous vous conseillons \u00e9galement d'utiliser les outils libres et non-commerciaux tels le navigateur\/fureteur libre <em>r\u00e9seau d'anonymisation<\/em><\/em> <em>\"Tor-Browser\" bas\u00e9 sur Mozilla Firefox ESR qui permet de naviguer anonymement sur internet. Nous vous invitons aussi \u00e0 installer sur votre machine un VPN (r\u00e9seau priv\u00e9 virtuel) permettant d'anonymiser votre lieu de connexion et adresse IP. Optez aussi pour une adresse de courriel souscrite chez un fournisseur alternatif libre qui ne d\u00e9pende pas d'une multinationale et d'un Etat espion, ne garde pas vos donn\u00e9es et crypte vos \u00e9changes.<\/em><\/pre>\n\n\n\n<figure class=\"wp-block-image size-large\"><img loading=\"lazy\" decoding=\"async\" width=\"1024\" height=\"576\" src=\"https:\/\/www.mcca-ain.org\/rupture\/\/wp-content\/uploads\/2020\/05\/solidarit\u00e9_002jpg-1024x576.jpg\" alt=\"notre richesse: la diversit\u00e9s et les diff\u00e9rences, la coop\u00e9ration, la fraternit\u00e9 et la devise r\u00e9publicaine: Libert\u00e9, Egalit\u00e9, Fraternit\u00e9\" class=\"wp-image-98\" srcset=\"https:\/\/www.mcca-ain.org\/rupture\/wp-content\/uploads\/2020\/05\/solidarit\u00e9_002jpg-1024x576.jpg 1024w, https:\/\/www.mcca-ain.org\/rupture\/wp-content\/uploads\/2020\/05\/solidarit\u00e9_002jpg-300x169.jpg 300w, https:\/\/www.mcca-ain.org\/rupture\/wp-content\/uploads\/2020\/05\/solidarit\u00e9_002jpg-768x432.jpg 768w, https:\/\/www.mcca-ain.org\/rupture\/wp-content\/uploads\/2020\/05\/solidarit\u00e9_002jpg-1536x864.jpg 1536w, https:\/\/www.mcca-ain.org\/rupture\/wp-content\/uploads\/2020\/05\/solidarit\u00e9_002jpg.jpg 1600w\" sizes=\"auto, (max-width: 1024px) 100vw, 1024px\" \/><\/figure>\n","protected":false},"excerpt":{"rendered":"<p>notre richesse: la diversit\u00e9 et les diff\u00e9rences, la coop\u00e9ration, la fraternit\u00e9 et la devise r\u00e9publicaine: Libert\u00e9, Egalit\u00e9, Fraternit\u00e9<\/p>\n","protected":false},"author":2,"featured_media":98,"parent":0,"menu_order":0,"comment_status":"closed","ping_status":"closed","template":"","meta":{"_bbp_topic_count":0,"_bbp_reply_count":0,"_bbp_total_topic_count":0,"_bbp_total_reply_count":0,"_bbp_voice_count":0,"_bbp_anonymous_reply_count":0,"_bbp_topic_count_hidden":0,"_bbp_reply_count_hidden":0,"_bbp_forum_subforum_count":0,"footnotes":""},"class_list":["post-97","page","type-page","status-publish","has-post-thumbnail","hentry"],"aioseo_notices":[],"_links":{"self":[{"href":"https:\/\/www.mcca-ain.org\/rupture\/wp-json\/wp\/v2\/pages\/97","targetHints":{"allow":["GET"]}}],"collection":[{"href":"https:\/\/www.mcca-ain.org\/rupture\/wp-json\/wp\/v2\/pages"}],"about":[{"href":"https:\/\/www.mcca-ain.org\/rupture\/wp-json\/wp\/v2\/types\/page"}],"author":[{"embeddable":true,"href":"https:\/\/www.mcca-ain.org\/rupture\/wp-json\/wp\/v2\/users\/2"}],"replies":[{"embeddable":true,"href":"https:\/\/www.mcca-ain.org\/rupture\/wp-json\/wp\/v2\/comments?post=97"}],"version-history":[{"count":21,"href":"https:\/\/www.mcca-ain.org\/rupture\/wp-json\/wp\/v2\/pages\/97\/revisions"}],"predecessor-version":[{"id":2394,"href":"https:\/\/www.mcca-ain.org\/rupture\/wp-json\/wp\/v2\/pages\/97\/revisions\/2394"}],"wp:featuredmedia":[{"embeddable":true,"href":"https:\/\/www.mcca-ain.org\/rupture\/wp-json\/wp\/v2\/media\/98"}],"wp:attachment":[{"href":"https:\/\/www.mcca-ain.org\/rupture\/wp-json\/wp\/v2\/media?parent=97"}],"curies":[{"name":"wp","href":"https:\/\/api.w.org\/{rel}","templated":true}]}}