{"id":478,"date":"2020-06-04T19:23:49","date_gmt":"2020-06-04T17:23:49","guid":{"rendered":"https:\/\/www.mcca-ain.org\/rupture\/?page_id=478"},"modified":"2020-06-06T12:21:21","modified_gmt":"2020-06-06T10:21:21","slug":"propositions-demandes-annonces","status":"publish","type":"page","link":"https:\/\/www.mcca-ain.org\/rupture\/propositions-demandes-annonces\/","title":{"rendered":"Propositions\/Demandes\/Annonces"},"content":{"rendered":"\n<p>Ici on fait part de ses propositions et demandes sous forme d&rsquo;annonces br\u00e8ves . Formulaire contact sous les annonces.<\/p>\n\n\n\n<p><strong><em>les annonces<\/em><\/strong><\/p>\n\n\n\n<p>-> <strong>(Lorraine\/Vosges)<\/strong> Bonjour,<br>Nous avons la volont\u00e9 de cr\u00e9er un \u00e9co-lieu sur la commune de Bains les Bains. Cela consiste en la r\u00e9novation et l&rsquo;unification d&rsquo;anciens sites industriels pour les convertir en un hameau citoyen, \u00e9cologique, donc anti-nucl\u00e9aire. Nous sommes en train d&rsquo;installer 100 kWc de capteurs solaires, il y a possibilit\u00e9 d&rsquo;installer une turbine hydraulique de 200 kW mais les d\u00e9marches administratives sont un frein colossal&#8230; Nous cherchons des personnes motiv\u00e9es pour y d\u00e9velopper la permaculture, l&rsquo;une des parties du site est propice \u00e0 l&rsquo;aquaponie. Un lien \u00e0 mobilit\u00e9 verte pourra \u00eatre cr\u00e9\u00e9 entre le canal de l&rsquo;Est et le centre de la commune. Diverses activit\u00e9s respectant nos principes pourront voir le jour : il y a de la place ! L&rsquo;\u00e9nergie nous permettra de produire de l&rsquo;hydrog\u00e8ne, d\u00e9velopper les moyens de mobilit\u00e9 verte et l&rsquo;autonomie \u00e9nerg\u00e9tique. Bref, nous cherchons des citoyens motiv\u00e9s pour participer \u00e0 l&rsquo;aventure  (<a href=\"mailto:fred.denninger(at)wanadoo.fr\">contact<\/a>) . <a rel=\"noreferrer noopener\" href=\"https:\/\/www.facebook.com\/bainsdenergies\" target=\"_blank\">https:\/\/www.facebook.com\/bainsdenergies<\/a>  et  <a rel=\"noreferrer noopener\" href=\"https:\/\/docs.google.com\/forms\/d\/e\/1FAIpQLSf9w1WY8KCUKC9C6xBpP6zUIxjMwYz-l1YXQ3QeahGLESNHHw\/viewform\" target=\"_blank\">https:\/\/docs.google.com\/forms\/d\/e\/1FAIpQLSf9w1WY8KCUKC9C6xBpP6zUIxjMwYz-l1YXQ3QeahGLESNHHw\/viewform<\/a><\/p>\n\n\n\n<p>-&gt; je suis magn\u00e9tiseur et travaille sur la m\u00e9moire de l&rsquo;eau afin de r\u00e9aliser des \u00e9lixirs . Je cherche un photographe de cristaux d&rsquo;eau<br>(<a href=\"mailto:logos57(at)mive.fr\">me contacter<\/a>)<\/p>\n\n\n\n<p>-&gt; Superbe initiative que la v\u00f4tre, je viens de participer au forum. Je ne manquerai pas de faire conna\u00eetre\u2026et si besoin d&rsquo;aider ou soutenir. <br>Fervent partisan de la d\u00e9croissance, je ne con\u00e7ois pas la suite autrement que par une rupture radicale. Bien \u00e0 vous<br><strong><em>JMarc<\/em> <\/strong>(<em><a href=\"mailto:jeanmarc.balois(at)free.fr\">contact<\/a><\/em>)<\/p>\n\n\n\n<p>-&gt; Bonjour, j&rsquo;\u00e9tudie et pratique \u00e0 des degr\u00e9s divers le recyclage, la permaculture, la r\u00e9colte et transformation de plantes sauvages, en lacto-fermentation par exemple, je m&rsquo;int\u00e9resse \u00e0 \u00ab\u00a0la neuro-diversit\u00e9\u00a0\u00bb,(site:neurodiversit\u00e9.fr), qui implique des apprentissages, compr\u00e9hensions du monde,(\u00ab\u00a0cerveau droit\u00a0\u00bb), \u00ab\u00a0fonctionnements\u00a0\u00bb, relations diff\u00e9rents, je pratique en partie l&rsquo;argent autrement, et j&rsquo;aimerais proposer des ateliers sur ces th\u00e8mes, avec accueil sous tente \u00e9ventuellement, \u00ab\u00a0th\u00e9orie et pratique\u00a0\u00bb, un peu comme en \u00ab\u00a0woofing\u00a0\u00bb, avec sorties d\u00e9couvertes d&rsquo; \u00e9co-lieux\u2026<br><strong><em>Olivert<\/em><\/strong> (<em><a href=\"mailto:pissenlit(at)protonmail.com\" target=\"_blank\" rel=\"noreferrer noopener\">contact<\/a><\/em>)<\/p>\n\n\n\n<p class=\"has-text-align-center\"><strong>Publier une annonce ci-dessous<\/strong><\/p>\n\n\n\n<div class=\"everest-forms\"><div class=\"evf-container default\" id=\"evf-135\"><form id=\"evf-form-135\" class=\"everest-form\" data-formid=\"135\" data-ajax_submission=\"0\" data-keyboard_friendly_form=\"0\" data-form_state_type=\"\" method=\"post\" enctype=\"multipart\/form-data\" action=\"\/rupture\/wp-json\/wp\/v2\/pages\/478\"><div class=\"evf-field-container\"><input type=\"hidden\" id=\"_wpnonce135\" name=\"_wpnonce135\" value=\"df473ff9c6\" \/><input type=\"hidden\" name=\"_wp_http_referer\" value=\"\/rupture\/wp-json\/wp\/v2\/pages\/478\" \/><div class=\"evf-frontend-row\" data-row=\"row_1\" conditional_rules=\"[]\"><div class=\"evf-frontend-grid evf-grid-1\" data-grid=\"grid_1\"><div id=\"evf-135-field_fullname-container\" class=\"evf-field evf-field-text form-row validate-required\" data-required-field-message=\"ce renseignement est n\u00e9cessaire\" data-field-id=\"fullname\"><label class=\"evf-field-label\" for=\"evf-135-field_fullname\"><span class=\"evf-label\">Nom ou pseudo<\/span> <abbr class=\"required\" title=\"N\u00e9cessaire\">*<\/abbr><\/label><input type=\"text\" id=\"evf-135-field_fullname\" class=\"input-text\" name=\"everest_forms[form_fields][fullname]\" required><\/div><div id=\"evf-135-field_email-container\" class=\"evf-field evf-field-email form-row validate-required validate-email\" data-required-field-message=\"Please enter a valid email address.\" data-field-id=\"email\"><label class=\"evf-field-label\" for=\"evf-135-field_email\"><span class=\"evf-label\">Email<\/span> <abbr class=\"required\" title=\"N\u00e9cessaire\">*<\/abbr><\/label><input type=\"email\" id=\"evf-135-field_email\" class=\"input-text\" name=\"everest_forms[form_fields][email]\" required ><\/div><div id=\"evf-135-field_subject-container\" class=\"evf-field evf-field-text form-row validate-required\" data-required-field-message=\"Ce renseignement est n\u00e9cessaire\" data-field-id=\"subject\"><label class=\"evf-field-label\" for=\"evf-135-field_subject\"><span class=\"evf-label\">Demande de contact dans la r\u00e9gion, le d\u00e9partement, la ville<\/span> <abbr class=\"required\" title=\"N\u00e9cessaire\">*<\/abbr><\/label><input type=\"text\" id=\"evf-135-field_subject\" class=\"input-text\" name=\"everest_forms[form_fields][subject]\" required><\/div><div id=\"evf-135-field_message-container\" class=\"evf-field evf-field-textarea form-row\" data-field-id=\"message\"><label class=\"evf-field-label\" for=\"evf-135-field_message\"><span class=\"evf-label\">Message<\/span> <\/label><textarea id=\"evf-135-field_message\" class=\"input-text\" name=\"everest_forms[form_fields][message]\"  ><\/textarea><\/div><\/div><\/div><\/div><div class=\"evf-honeypot-container evf-field-hp\"><label for=\"evf-135-field-hp\" class=\"evf-field-label\">Comment<\/label><input type=\"text\" name=\"everest_forms[hp]\" id=\"evf-135-field-hp\" class=\"input-text\"><\/div><div class=\"evf-submit-container \" ><input type=\"hidden\" name=\"everest_forms[id]\" value=\"135\"><input type=\"hidden\" name=\"everest_forms[author]\" value=\"2\"><button type='submit' name='everest_forms[submit]' class='everest-forms-submit-button button evf-submit ' id='evf-submit-135' value='evf-submit' data-process-text=\"Processing\u2026\" conditional_rules='&quot;&quot;' conditional_id='evf-submit-135'  id=\"evf-submit-135\" aria-live=\"assertive\">Submit<\/button><\/div><\/form><\/div><!-- .evf-container --><\/div>\n","protected":false},"excerpt":{"rendered":"<p>Ici on fait part de ses propositions et demandes sous forme d&rsquo;annonces br\u00e8ves . Formulaire contact sous les annonces. les annonces -> (Lorraine\/Vosges) Bonjour,Nous avons la volont\u00e9 de cr\u00e9er un \u00e9co-lieu sur la commune de Bains les Bains. Cela consiste<\/p>\n","protected":false},"author":2,"featured_media":0,"parent":0,"menu_order":0,"comment_status":"closed","ping_status":"closed","template":"","meta":{"_bbp_topic_count":0,"_bbp_reply_count":0,"_bbp_total_topic_count":0,"_bbp_total_reply_count":0,"_bbp_voice_count":0,"_bbp_anonymous_reply_count":0,"_bbp_topic_count_hidden":0,"_bbp_reply_count_hidden":0,"_bbp_forum_subforum_count":0,"footnotes":""},"class_list":["post-478","page","type-page","status-publish","hentry"],"aioseo_notices":[],"_links":{"self":[{"href":"https:\/\/www.mcca-ain.org\/rupture\/wp-json\/wp\/v2\/pages\/478","targetHints":{"allow":["GET"]}}],"collection":[{"href":"https:\/\/www.mcca-ain.org\/rupture\/wp-json\/wp\/v2\/pages"}],"about":[{"href":"https:\/\/www.mcca-ain.org\/rupture\/wp-json\/wp\/v2\/types\/page"}],"author":[{"embeddable":true,"href":"https:\/\/www.mcca-ain.org\/rupture\/wp-json\/wp\/v2\/users\/2"}],"replies":[{"embeddable":true,"href":"https:\/\/www.mcca-ain.org\/rupture\/wp-json\/wp\/v2\/comments?post=478"}],"version-history":[{"count":14,"href":"https:\/\/www.mcca-ain.org\/rupture\/wp-json\/wp\/v2\/pages\/478\/revisions"}],"predecessor-version":[{"id":528,"href":"https:\/\/www.mcca-ain.org\/rupture\/wp-json\/wp\/v2\/pages\/478\/revisions\/528"}],"wp:attachment":[{"href":"https:\/\/www.mcca-ain.org\/rupture\/wp-json\/wp\/v2\/media?parent=478"}],"curies":[{"name":"wp","href":"https:\/\/api.w.org\/{rel}","templated":true}]}}