{"id":362,"date":"2020-05-29T16:52:10","date_gmt":"2020-05-29T14:52:10","guid":{"rendered":"https:\/\/www.mcca-ain.org\/rupture\/?page_id=362"},"modified":"2020-06-04T19:43:05","modified_gmt":"2020-06-04T17:43:05","slug":"on-agit-aussi","status":"publish","type":"page","link":"https:\/\/www.mcca-ain.org\/rupture\/on-agit-aussi\/","title":{"rendered":"On agit aussi"},"content":{"rendered":"\n<p>Etre coh\u00e9rent pour \u00eatre efficace, lier r\u00eave et r\u00e9alit\u00e9, reprendre en main nos capacit\u00e9s \u00e0 faire en commun, reconqu\u00e9rir notre cr\u00e9ativit\u00e9 et notre libert\u00e9 insubordonn\u00e9e, inverser l&rsquo;initiative et porter des coups \u00e0 l&rsquo;autorit\u00e9 et aux pouvoirs de toute nature, sortir des salons de discussion et des c\u00e9nacles, ouvrir grand les fen\u00eatres et portes de l&rsquo;avenir : l\u00e0, ici et maintenant.<\/p>\n\n\n\n<p>C&rsquo;est le premier pas qui compte et surtout cette inestimable exp\u00e9rience d&rsquo;une audace retrouv\u00e9e, d&rsquo;un refus de r\u00e9signation qui transforme la protestation en action, la contestation en cr\u00e9ation et sort des sentiers battus pour s&rsquo;apercevoir enfin que c&rsquo;\u00e9tait possible.<\/p>\n\n\n\n<p>Sortir de la torpeur est salutaire pour soi, pour sa dignit\u00e9, pour la communaut\u00e9 du vivant et la plan\u00e8te. Alors on se d\u00e9sali\u00e8ne et on agit, l\u00e0 o\u00f9 l&rsquo;on est, avec ses relations et ses proches, ses ami-es et compagnon-nes, \u00e0 deux, \u00e0 trois, \u00e0 cinq pour commencer et bien plus ensuite.<\/p>\n\n\n\n<p>On porte des coups au dominant, on ne co-g\u00e8re pas, on accepte d&rsquo;affronter et de moins sp\u00e9culer, on ne se r\u00e9fugie pas dans un \u00eelot de puret\u00e9 imaginaire et on ose mettre les mains dans le cambouis. On combat ces Grands Projets Impos\u00e9s et Inutiles, ce qui n&rsquo;est plus acceptable dans nos territoires, ce qui nous nuit et porte pr\u00e9judice \u00e0 l&rsquo;humanit\u00e9.<\/p>\n\n\n\n<p>On entre en contact, on r\u00e9fl\u00e9chit \u00e0 comment agir et on passe \u00e0 l&rsquo;acte. On prend la vie \u00e0 bras le corps dans une danse lib\u00e9ratrice et pour l&rsquo;\u00e9mancipation commune.<\/p>\n\n\n\n<p>La carte interactive d&rsquo;objectifs \u00e9labor\u00e9s de-\u00e7i de-l\u00e0 et des groupes en action (extraits). Contre le nucl\u00e9aire et son monde c&rsquo;est <a href=\"http:\/\/www.m-c-c-a.org\"><strong>ici<\/strong><\/a> . Pour les <a href=\"https:\/\/www.mcca-ain.org\/rupture\/\/propositions-demandes-annonces\/\">Propositions\/Demandes\/Annonces<\/a><\/p>\n\n\n\n<iframe loading=\"lazy\" src=\"https:\/\/lutteslocales.gogocarto.fr\/annuaire?iframe=1#\/carte\/@46.33,2.50,6z?cat=all\" marginheight=\"0\" marginwidth=\"0\" width=\"800\" height=\"600\" frameborder=\"0\"><\/iframe>\n\n\n\n<p>__<\/p>\n\n\n\n<p><em>Pour se relier aux autres ici<\/em> et pour d&rsquo;autres projets d&rsquo;actions <div class=\"everest-forms\"><div class=\"evf-container default\" id=\"evf-135\"><form id=\"evf-form-135\" class=\"everest-form\" data-formid=\"135\" data-ajax_submission=\"0\" data-keyboard_friendly_form=\"0\" data-form_state_type=\"\" method=\"post\" enctype=\"multipart\/form-data\" action=\"\/rupture\/wp-json\/wp\/v2\/pages\/362\"><div class=\"evf-field-container\"><input type=\"hidden\" id=\"_wpnonce135\" name=\"_wpnonce135\" value=\"df473ff9c6\" \/><input type=\"hidden\" name=\"_wp_http_referer\" value=\"\/rupture\/wp-json\/wp\/v2\/pages\/362\" \/><div class=\"evf-frontend-row\" data-row=\"row_1\" conditional_rules=\"[]\"><div class=\"evf-frontend-grid evf-grid-1\" data-grid=\"grid_1\"><div id=\"evf-135-field_fullname-container\" class=\"evf-field evf-field-text form-row validate-required\" data-required-field-message=\"ce renseignement est n\u00e9cessaire\" data-field-id=\"fullname\"><label class=\"evf-field-label\" for=\"evf-135-field_fullname\"><span class=\"evf-label\">Nom ou pseudo<\/span> <abbr class=\"required\" title=\"N\u00e9cessaire\">*<\/abbr><\/label><input type=\"text\" id=\"evf-135-field_fullname\" class=\"input-text\" name=\"everest_forms[form_fields][fullname]\" required><\/div><div id=\"evf-135-field_email-container\" class=\"evf-field evf-field-email form-row validate-required validate-email\" data-required-field-message=\"Please enter a valid email address.\" data-field-id=\"email\"><label class=\"evf-field-label\" for=\"evf-135-field_email\"><span class=\"evf-label\">Email<\/span> <abbr class=\"required\" title=\"N\u00e9cessaire\">*<\/abbr><\/label><input type=\"email\" id=\"evf-135-field_email\" class=\"input-text\" name=\"everest_forms[form_fields][email]\" required ><\/div><div id=\"evf-135-field_subject-container\" class=\"evf-field evf-field-text form-row validate-required\" data-required-field-message=\"Ce renseignement est n\u00e9cessaire\" data-field-id=\"subject\"><label class=\"evf-field-label\" for=\"evf-135-field_subject\"><span class=\"evf-label\">Demande de contact dans la r\u00e9gion, le d\u00e9partement, la ville<\/span> <abbr class=\"required\" title=\"N\u00e9cessaire\">*<\/abbr><\/label><input type=\"text\" id=\"evf-135-field_subject\" class=\"input-text\" name=\"everest_forms[form_fields][subject]\" required><\/div><div id=\"evf-135-field_message-container\" class=\"evf-field evf-field-textarea form-row\" data-field-id=\"message\"><label class=\"evf-field-label\" for=\"evf-135-field_message\"><span class=\"evf-label\">Message<\/span> <\/label><textarea id=\"evf-135-field_message\" class=\"input-text\" name=\"everest_forms[form_fields][message]\"  ><\/textarea><\/div><\/div><\/div><\/div><div class=\"evf-honeypot-container evf-field-hp\"><label for=\"evf-135-field-hp\" class=\"evf-field-label\">Message<\/label><input type=\"text\" name=\"everest_forms[hp]\" id=\"evf-135-field-hp\" class=\"input-text\"><\/div><div class=\"evf-submit-container \" ><input type=\"hidden\" name=\"everest_forms[id]\" value=\"135\"><input type=\"hidden\" name=\"everest_forms[author]\" value=\"2\"><button type='submit' name='everest_forms[submit]' class='everest-forms-submit-button button evf-submit ' id='evf-submit-135' value='evf-submit' data-process-text=\"Processing\u2026\" conditional_rules='&quot;&quot;' conditional_id='evf-submit-135'  id=\"evf-submit-135\" aria-live=\"assertive\">Submit<\/button><\/div><\/form><\/div><!-- .evf-container --><\/div> <\/p>\n\n\n\n<figure class=\"wp-block-image size-large\"><img loading=\"lazy\" decoding=\"async\" width=\"1024\" height=\"550\" src=\"https:\/\/www.mcca-ain.org\/rupture\/\/wp-content\/uploads\/2020\/05\/cible.jpg\" alt=\"\" class=\"wp-image-370\" srcset=\"https:\/\/www.mcca-ain.org\/rupture\/wp-content\/uploads\/2020\/05\/cible.jpg 1024w, https:\/\/www.mcca-ain.org\/rupture\/wp-content\/uploads\/2020\/05\/cible-300x161.jpg 300w, https:\/\/www.mcca-ain.org\/rupture\/wp-content\/uploads\/2020\/05\/cible-768x413.jpg 768w, https:\/\/www.mcca-ain.org\/rupture\/wp-content\/uploads\/2020\/05\/cible-150x81.jpg 150w, https:\/\/www.mcca-ain.org\/rupture\/wp-content\/uploads\/2020\/05\/cible-500x269.jpg 500w\" sizes=\"auto, (max-width: 1024px) 100vw, 1024px\" \/><\/figure>\n","protected":false},"excerpt":{"rendered":"<p>Etre coh\u00e9rent pour \u00eatre efficace, lier r\u00eave et r\u00e9alit\u00e9, reprendre en main nos capacit\u00e9s \u00e0 faire en commun, reconqu\u00e9rir notre cr\u00e9ativit\u00e9 et notre libert\u00e9 insubordonn\u00e9e, inverser l&rsquo;initiative et porter des coups \u00e0 l&rsquo;autorit\u00e9 et aux pouvoirs de toute nature, sortir<\/p>\n","protected":false},"author":2,"featured_media":0,"parent":0,"menu_order":0,"comment_status":"closed","ping_status":"closed","template":"","meta":{"_bbp_topic_count":0,"_bbp_reply_count":0,"_bbp_total_topic_count":0,"_bbp_total_reply_count":0,"_bbp_voice_count":0,"_bbp_anonymous_reply_count":0,"_bbp_topic_count_hidden":0,"_bbp_reply_count_hidden":0,"_bbp_forum_subforum_count":0,"footnotes":""},"class_list":["post-362","page","type-page","status-publish","hentry"],"aioseo_notices":[],"_links":{"self":[{"href":"https:\/\/www.mcca-ain.org\/rupture\/wp-json\/wp\/v2\/pages\/362","targetHints":{"allow":["GET"]}}],"collection":[{"href":"https:\/\/www.mcca-ain.org\/rupture\/wp-json\/wp\/v2\/pages"}],"about":[{"href":"https:\/\/www.mcca-ain.org\/rupture\/wp-json\/wp\/v2\/types\/page"}],"author":[{"embeddable":true,"href":"https:\/\/www.mcca-ain.org\/rupture\/wp-json\/wp\/v2\/users\/2"}],"replies":[{"embeddable":true,"href":"https:\/\/www.mcca-ain.org\/rupture\/wp-json\/wp\/v2\/comments?post=362"}],"version-history":[{"count":18,"href":"https:\/\/www.mcca-ain.org\/rupture\/wp-json\/wp\/v2\/pages\/362\/revisions"}],"predecessor-version":[{"id":494,"href":"https:\/\/www.mcca-ain.org\/rupture\/wp-json\/wp\/v2\/pages\/362\/revisions\/494"}],"wp:attachment":[{"href":"https:\/\/www.mcca-ain.org\/rupture\/wp-json\/wp\/v2\/media?parent=362"}],"curies":[{"name":"wp","href":"https:\/\/api.w.org\/{rel}","templated":true}]}}