{"id":211,"date":"2020-05-26T16:38:17","date_gmt":"2020-05-26T14:38:17","guid":{"rendered":"https:\/\/www.mcca-ain.org\/rupture\/?page_id=211"},"modified":"2020-05-28T20:09:33","modified_gmt":"2020-05-28T18:09:33","slug":"resistances-actions-luttes-strategies","status":"publish","type":"page","link":"https:\/\/www.mcca-ain.org\/rupture\/regles-de-la-co-creation\/resistances-actions-luttes-strategies\/","title":{"rendered":"R\u00e9sistances\/Actions\/Luttes\/Strat\u00e9gies"},"content":{"rendered":"\n<p>Espace de mise en commun des exp\u00e9riences d&rsquo;actions dans les rapports de forces avec les pouvoirs et de co-\u00e9laboration des raisons et des finalit\u00e9s de la lutte, des strat\u00e9gies perdantes\/gagnantes dans les domaines sociaux, politiques, environnementaux, culturels. De la contestation de r\u00e9sistance et d&rsquo;\u00e9mancipation \u00e0 l&rsquo;action de transformation et de r\u00e9appropriation. (<a href=\"https:\/\/www.mcca-ain.org\/rupture\/\/wp-login.php?action=register\">pour publier une contribution : cr\u00e9ez votre acc\u00e8s gratuit ici<\/a>)<\/p>\n\n\n\n<p><a href=\"https:\/\/www.mcca-ain.org\/rupture\/\/forums\/forum\/resistances-actions-luttes-strategies\/\"><strong>acc\u00e9der \u00e0 l&rsquo;espace de co-cr\u00e9ation ici<\/strong><\/a><\/p>\n\n\n\n<figure class=\"wp-block-image size-large\"><img loading=\"lazy\" decoding=\"async\" width=\"1024\" height=\"558\" src=\"https:\/\/www.mcca-ain.org\/rupture\/\/wp-content\/uploads\/2020\/05\/rupture-luttes_02-1024x558.jpg\" alt=\"\" class=\"wp-image-209\" srcset=\"https:\/\/www.mcca-ain.org\/rupture\/wp-content\/uploads\/2020\/05\/rupture-luttes_02-1024x558.jpg 1024w, https:\/\/www.mcca-ain.org\/rupture\/wp-content\/uploads\/2020\/05\/rupture-luttes_02-300x164.jpg 300w, https:\/\/www.mcca-ain.org\/rupture\/wp-content\/uploads\/2020\/05\/rupture-luttes_02-768x419.jpg 768w, https:\/\/www.mcca-ain.org\/rupture\/wp-content\/uploads\/2020\/05\/rupture-luttes_02-1536x838.jpg 1536w, https:\/\/www.mcca-ain.org\/rupture\/wp-content\/uploads\/2020\/05\/rupture-luttes_02-2048x1117.jpg 2048w\" sizes=\"auto, (max-width: 1024px) 100vw, 1024px\" \/><\/figure>\n","protected":false},"excerpt":{"rendered":"<p>Espace de mise en commun des exp\u00e9riences d&rsquo;actions dans les rapports de forces avec les pouvoirs et de co-\u00e9laboration des raisons et des finalit\u00e9s de la lutte, des strat\u00e9gies perdantes\/gagnantes dans les domaines sociaux, politiques, environnementaux, culturels. De la contestation<\/p>\n","protected":false},"author":2,"featured_media":0,"parent":108,"menu_order":0,"comment_status":"closed","ping_status":"closed","template":"","meta":{"_bbp_topic_count":0,"_bbp_reply_count":0,"_bbp_total_topic_count":0,"_bbp_total_reply_count":0,"_bbp_voice_count":0,"_bbp_anonymous_reply_count":0,"_bbp_topic_count_hidden":0,"_bbp_reply_count_hidden":0,"_bbp_forum_subforum_count":0,"footnotes":""},"class_list":["post-211","page","type-page","status-publish","hentry"],"aioseo_notices":[],"_links":{"self":[{"href":"https:\/\/www.mcca-ain.org\/rupture\/wp-json\/wp\/v2\/pages\/211","targetHints":{"allow":["GET"]}}],"collection":[{"href":"https:\/\/www.mcca-ain.org\/rupture\/wp-json\/wp\/v2\/pages"}],"about":[{"href":"https:\/\/www.mcca-ain.org\/rupture\/wp-json\/wp\/v2\/types\/page"}],"author":[{"embeddable":true,"href":"https:\/\/www.mcca-ain.org\/rupture\/wp-json\/wp\/v2\/users\/2"}],"replies":[{"embeddable":true,"href":"https:\/\/www.mcca-ain.org\/rupture\/wp-json\/wp\/v2\/comments?post=211"}],"version-history":[{"count":3,"href":"https:\/\/www.mcca-ain.org\/rupture\/wp-json\/wp\/v2\/pages\/211\/revisions"}],"predecessor-version":[{"id":313,"href":"https:\/\/www.mcca-ain.org\/rupture\/wp-json\/wp\/v2\/pages\/211\/revisions\/313"}],"up":[{"embeddable":true,"href":"https:\/\/www.mcca-ain.org\/rupture\/wp-json\/wp\/v2\/pages\/108"}],"wp:attachment":[{"href":"https:\/\/www.mcca-ain.org\/rupture\/wp-json\/wp\/v2\/media?parent=211"}],"curies":[{"name":"wp","href":"https:\/\/api.w.org\/{rel}","templated":true}]}}