{"id":178,"date":"2020-05-26T10:19:40","date_gmt":"2020-05-26T08:19:40","guid":{"rendered":"https:\/\/www.mcca-ain.org\/rupture\/?page_id=178"},"modified":"2020-05-28T20:08:02","modified_gmt":"2020-05-28T18:08:02","slug":"organisation-societale-et-institutionnelle","status":"publish","type":"page","link":"https:\/\/www.mcca-ain.org\/rupture\/regles-de-la-co-creation\/organisation-societale-et-institutionnelle\/","title":{"rendered":"Organisation soci\u00e9tale et Institutionnelle"},"content":{"rendered":"\n<p>Espace de co-\u00e9laboration sur l&rsquo;organisation et le fonctionnement de la soci\u00e9t\u00e9 et des institutions. (<a href=\"https:\/\/www.mcca-ain.org\/rupture\/\/wp-login.php?action=register\">pour publier une contribution : cr\u00e9ez votre acc\u00e8s gratuit ici<\/a>)<\/p>\n\n\n\n<p><a href=\"https:\/\/www.mcca-ain.org\/rupture\/\/forums\/forum\/organisation-societale-et-institutionnelle\/\"><strong>acc\u00e9der \u00e0 l&rsquo;espace de co-cr\u00e9ation ici<\/strong><\/a><\/p>\n\n\n\n<figure class=\"wp-block-image size-large\"><img loading=\"lazy\" decoding=\"async\" width=\"500\" height=\"375\" src=\"https:\/\/www.mcca-ain.org\/rupture\/\/wp-content\/uploads\/2020\/05\/Assemblee-Nationale_Palais_Bourbon.jpg\" alt=\"\" class=\"wp-image-159\" srcset=\"https:\/\/www.mcca-ain.org\/rupture\/wp-content\/uploads\/2020\/05\/Assemblee-Nationale_Palais_Bourbon.jpg 500w, https:\/\/www.mcca-ain.org\/rupture\/wp-content\/uploads\/2020\/05\/Assemblee-Nationale_Palais_Bourbon-300x225.jpg 300w\" sizes=\"auto, (max-width: 500px) 100vw, 500px\" \/><\/figure>\n","protected":false},"excerpt":{"rendered":"<p>Espace de co-\u00e9laboration sur l&rsquo;organisation et le fonctionnement de la soci\u00e9t\u00e9 et des institutions. (pour publier une contribution : cr\u00e9ez votre acc\u00e8s gratuit ici) acc\u00e9der \u00e0 l&rsquo;espace de co-cr\u00e9ation ici<\/p>\n","protected":false},"author":2,"featured_media":0,"parent":108,"menu_order":0,"comment_status":"closed","ping_status":"closed","template":"","meta":{"_bbp_topic_count":0,"_bbp_reply_count":0,"_bbp_total_topic_count":0,"_bbp_total_reply_count":0,"_bbp_voice_count":0,"_bbp_anonymous_reply_count":0,"_bbp_topic_count_hidden":0,"_bbp_reply_count_hidden":0,"_bbp_forum_subforum_count":0,"footnotes":""},"class_list":["post-178","page","type-page","status-publish","hentry"],"aioseo_notices":[],"_links":{"self":[{"href":"https:\/\/www.mcca-ain.org\/rupture\/wp-json\/wp\/v2\/pages\/178","targetHints":{"allow":["GET"]}}],"collection":[{"href":"https:\/\/www.mcca-ain.org\/rupture\/wp-json\/wp\/v2\/pages"}],"about":[{"href":"https:\/\/www.mcca-ain.org\/rupture\/wp-json\/wp\/v2\/types\/page"}],"author":[{"embeddable":true,"href":"https:\/\/www.mcca-ain.org\/rupture\/wp-json\/wp\/v2\/users\/2"}],"replies":[{"embeddable":true,"href":"https:\/\/www.mcca-ain.org\/rupture\/wp-json\/wp\/v2\/comments?post=178"}],"version-history":[{"count":2,"href":"https:\/\/www.mcca-ain.org\/rupture\/wp-json\/wp\/v2\/pages\/178\/revisions"}],"predecessor-version":[{"id":312,"href":"https:\/\/www.mcca-ain.org\/rupture\/wp-json\/wp\/v2\/pages\/178\/revisions\/312"}],"up":[{"embeddable":true,"href":"https:\/\/www.mcca-ain.org\/rupture\/wp-json\/wp\/v2\/pages\/108"}],"wp:attachment":[{"href":"https:\/\/www.mcca-ain.org\/rupture\/wp-json\/wp\/v2\/media?parent=178"}],"curies":[{"name":"wp","href":"https:\/\/api.w.org\/{rel}","templated":true}]}}