{"id":168,"date":"2020-05-26T10:06:47","date_gmt":"2020-05-26T08:06:47","guid":{"rendered":"https:\/\/www.mcca-ain.org\/rupture\/?page_id=168"},"modified":"2020-06-01T15:03:57","modified_gmt":"2020-06-01T13:03:57","slug":"economie-finance-argent-valeur-marchande-et-dechange","status":"publish","type":"page","link":"https:\/\/www.mcca-ain.org\/rupture\/regles-de-la-co-creation\/economie-finance-argent-valeur-marchande-et-dechange\/","title":{"rendered":"Economie\/Finance\/Argent\/Valeur marchande et d&rsquo;Echange"},"content":{"rendered":"\n<p>Espace de co-\u00e9laboration sur les valeurs marchande et d&rsquo;usage, sur le r\u00f4le de l&rsquo;argent et de la finance, sur l&rsquo;\u00e9conomie et la production. (<a href=\"https:\/\/www.mcca-ain.org\/rupture\/\/wp-login.php?action=register\">pour publier une contribution : cr\u00e9ez votre acc\u00e8s gratuit ici<\/a>)<\/p>\n\n\n\n<p><strong><a href=\"https:\/\/www.mcca-ain.org\/rupture\/\/forums\/forum\/economie-valeur-marchande-echange\/\">acc\u00e9der \u00e0 l&rsquo;espace de co-cr\u00e9ation ici<\/a><\/strong><\/p>\n\n\n\n<figure class=\"wp-block-image size-large\"><img loading=\"lazy\" decoding=\"async\" width=\"1024\" height=\"698\" src=\"https:\/\/www.mcca-ain.org\/rupture\/\/wp-content\/uploads\/2020\/05\/argent_atelier-citoyen-24janvier2015-06-1024x698.jpg\" alt=\"\" class=\"wp-image-156\" srcset=\"https:\/\/www.mcca-ain.org\/rupture\/wp-content\/uploads\/2020\/05\/argent_atelier-citoyen-24janvier2015-06-1024x698.jpg 1024w, https:\/\/www.mcca-ain.org\/rupture\/wp-content\/uploads\/2020\/05\/argent_atelier-citoyen-24janvier2015-06-300x205.jpg 300w, https:\/\/www.mcca-ain.org\/rupture\/wp-content\/uploads\/2020\/05\/argent_atelier-citoyen-24janvier2015-06-768x524.jpg 768w, https:\/\/www.mcca-ain.org\/rupture\/wp-content\/uploads\/2020\/05\/argent_atelier-citoyen-24janvier2015-06.jpg 1229w\" sizes=\"auto, (max-width: 1024px) 100vw, 1024px\" \/><\/figure>\n","protected":false},"excerpt":{"rendered":"<p>Espace de co-\u00e9laboration sur les valeurs marchande et d&rsquo;usage, sur le r\u00f4le de l&rsquo;argent et de la finance, sur l&rsquo;\u00e9conomie et la production. (pour publier une contribution : cr\u00e9ez votre acc\u00e8s gratuit ici) acc\u00e9der \u00e0 l&rsquo;espace de co-cr\u00e9ation ici<\/p>\n","protected":false},"author":2,"featured_media":0,"parent":108,"menu_order":7,"comment_status":"closed","ping_status":"closed","template":"","meta":{"_bbp_topic_count":0,"_bbp_reply_count":0,"_bbp_total_topic_count":0,"_bbp_total_reply_count":0,"_bbp_voice_count":0,"_bbp_anonymous_reply_count":0,"_bbp_topic_count_hidden":0,"_bbp_reply_count_hidden":0,"_bbp_forum_subforum_count":0,"footnotes":""},"class_list":["post-168","page","type-page","status-publish","hentry"],"aioseo_notices":[],"_links":{"self":[{"href":"https:\/\/www.mcca-ain.org\/rupture\/wp-json\/wp\/v2\/pages\/168","targetHints":{"allow":["GET"]}}],"collection":[{"href":"https:\/\/www.mcca-ain.org\/rupture\/wp-json\/wp\/v2\/pages"}],"about":[{"href":"https:\/\/www.mcca-ain.org\/rupture\/wp-json\/wp\/v2\/types\/page"}],"author":[{"embeddable":true,"href":"https:\/\/www.mcca-ain.org\/rupture\/wp-json\/wp\/v2\/users\/2"}],"replies":[{"embeddable":true,"href":"https:\/\/www.mcca-ain.org\/rupture\/wp-json\/wp\/v2\/comments?post=168"}],"version-history":[{"count":5,"href":"https:\/\/www.mcca-ain.org\/rupture\/wp-json\/wp\/v2\/pages\/168\/revisions"}],"predecessor-version":[{"id":419,"href":"https:\/\/www.mcca-ain.org\/rupture\/wp-json\/wp\/v2\/pages\/168\/revisions\/419"}],"up":[{"embeddable":true,"href":"https:\/\/www.mcca-ain.org\/rupture\/wp-json\/wp\/v2\/pages\/108"}],"wp:attachment":[{"href":"https:\/\/www.mcca-ain.org\/rupture\/wp-json\/wp\/v2\/media?parent=168"}],"curies":[{"name":"wp","href":"https:\/\/api.w.org\/{rel}","templated":true}]}}