{"id":164,"date":"2020-05-26T10:03:29","date_gmt":"2020-05-26T08:03:29","guid":{"rendered":"https:\/\/www.mcca-ain.org\/rupture\/?page_id=164"},"modified":"2020-05-28T20:07:15","modified_gmt":"2020-05-28T18:07:15","slug":"ecologie-environnement-sante","status":"publish","type":"page","link":"https:\/\/www.mcca-ain.org\/rupture\/regles-de-la-co-creation\/ecologie-environnement-sante\/","title":{"rendered":"Ecologie\/Environnement\/Sant\u00e9"},"content":{"rendered":"\n<p>Espace de co-\u00e9laboration en mati\u00e8re sanitaire et environnementale. (<a href=\"https:\/\/www.mcca-ain.org\/rupture\/\/wp-login.php?action=register\">pour publier une contribution : cr\u00e9ez votre acc\u00e8s gratuit ici<\/a>)<\/p>\n\n\n\n<p><a href=\"https:\/\/www.mcca-ain.org\/rupture\/\/forums\/forum\/ecologie-environnement-sante\/\"><strong>acc\u00e9der \u00e0 l&rsquo;espace de co-cr\u00e9ation ici<\/strong><\/a><\/p>\n\n\n\n<figure class=\"wp-block-image size-large\"><img loading=\"lazy\" decoding=\"async\" width=\"1024\" height=\"613\" src=\"https:\/\/www.mcca-ain.org\/rupture\/\/wp-content\/uploads\/2020\/05\/rupture_environnement-pollution_01-1024x613.jpg\" alt=\"\" class=\"wp-image-154\" srcset=\"https:\/\/www.mcca-ain.org\/rupture\/wp-content\/uploads\/2020\/05\/rupture_environnement-pollution_01-1024x613.jpg 1024w, https:\/\/www.mcca-ain.org\/rupture\/wp-content\/uploads\/2020\/05\/rupture_environnement-pollution_01-300x179.jpg 300w, https:\/\/www.mcca-ain.org\/rupture\/wp-content\/uploads\/2020\/05\/rupture_environnement-pollution_01-768x459.jpg 768w, https:\/\/www.mcca-ain.org\/rupture\/wp-content\/uploads\/2020\/05\/rupture_environnement-pollution_01.jpg 1359w\" sizes=\"auto, (max-width: 1024px) 100vw, 1024px\" \/><\/figure>\n","protected":false},"excerpt":{"rendered":"<p>Espace de co-\u00e9laboration en mati\u00e8re sanitaire et environnementale. (pour publier une contribution : cr\u00e9ez votre acc\u00e8s gratuit ici) acc\u00e9der \u00e0 l&rsquo;espace de co-cr\u00e9ation ici<\/p>\n","protected":false},"author":2,"featured_media":0,"parent":108,"menu_order":0,"comment_status":"closed","ping_status":"closed","template":"","meta":{"_bbp_topic_count":0,"_bbp_reply_count":0,"_bbp_total_topic_count":0,"_bbp_total_reply_count":0,"_bbp_voice_count":0,"_bbp_anonymous_reply_count":0,"_bbp_topic_count_hidden":0,"_bbp_reply_count_hidden":0,"_bbp_forum_subforum_count":0,"footnotes":""},"class_list":["post-164","page","type-page","status-publish","hentry"],"aioseo_notices":[],"_links":{"self":[{"href":"https:\/\/www.mcca-ain.org\/rupture\/wp-json\/wp\/v2\/pages\/164","targetHints":{"allow":["GET"]}}],"collection":[{"href":"https:\/\/www.mcca-ain.org\/rupture\/wp-json\/wp\/v2\/pages"}],"about":[{"href":"https:\/\/www.mcca-ain.org\/rupture\/wp-json\/wp\/v2\/types\/page"}],"author":[{"embeddable":true,"href":"https:\/\/www.mcca-ain.org\/rupture\/wp-json\/wp\/v2\/users\/2"}],"replies":[{"embeddable":true,"href":"https:\/\/www.mcca-ain.org\/rupture\/wp-json\/wp\/v2\/comments?post=164"}],"version-history":[{"count":5,"href":"https:\/\/www.mcca-ain.org\/rupture\/wp-json\/wp\/v2\/pages\/164\/revisions"}],"predecessor-version":[{"id":311,"href":"https:\/\/www.mcca-ain.org\/rupture\/wp-json\/wp\/v2\/pages\/164\/revisions\/311"}],"up":[{"embeddable":true,"href":"https:\/\/www.mcca-ain.org\/rupture\/wp-json\/wp\/v2\/pages\/108"}],"wp:attachment":[{"href":"https:\/\/www.mcca-ain.org\/rupture\/wp-json\/wp\/v2\/media?parent=164"}],"curies":[{"name":"wp","href":"https:\/\/api.w.org\/{rel}","templated":true}]}}