{"id":124,"date":"2020-05-23T23:30:08","date_gmt":"2020-05-23T21:30:08","guid":{"rendered":"https:\/\/www.mcca-ain.org\/rupture\/?page_id=124"},"modified":"2020-05-28T20:04:22","modified_gmt":"2020-05-28T18:04:22","slug":"culture-loisirs-animation-association","status":"publish","type":"page","link":"https:\/\/www.mcca-ain.org\/rupture\/regles-de-la-co-creation\/culture-loisirs-animation-association\/","title":{"rendered":"Culture\/Loisirs\/Animation\/Association"},"content":{"rendered":"\n<p>Espace de co-\u00e9laboration sur la culture et le secteur culturel professionnel et amateur, sur la place des loisirs et animations citoyennes, sur la vie associative et dans la cit\u00e9. (<a href=\"https:\/\/www.mcca-ain.org\/rupture\/\/wp-login.php?action=register\">pour publier une contribution : cr\u00e9ez votre acc\u00e8s gratuit ici<\/a>)<\/p>\n\n\n\n<p><a rel=\"noreferrer noopener\" href=\"https:\/\/www.mcca-ain.org\/rupture\/\/forums\/forum\/culture-loisirs-animation-association\/\" target=\"_blank\"><strong>acc\u00e9der et participer \u00e0 l&rsquo;espace de co-cr\u00e9ation ici<\/strong><\/a><\/p>\n\n\n\n<figure class=\"wp-block-image size-large\"><a href=\"https:\/\/www.mcca-ain.org\/rupture\/\/forums\/forum\/culture-loisirs-animation-association\/\"><img loading=\"lazy\" decoding=\"async\" width=\"800\" height=\"567\" src=\"https:\/\/www.mcca-ain.org\/rupture\/\/wp-content\/uploads\/2020\/05\/culture_DarioFoperlaregiadellafarsaedellacommedia.jpg\" alt=\"\" class=\"wp-image-125\" srcset=\"https:\/\/www.mcca-ain.org\/rupture\/wp-content\/uploads\/2020\/05\/culture_DarioFoperlaregiadellafarsaedellacommedia.jpg 800w, https:\/\/www.mcca-ain.org\/rupture\/wp-content\/uploads\/2020\/05\/culture_DarioFoperlaregiadellafarsaedellacommedia-300x213.jpg 300w, https:\/\/www.mcca-ain.org\/rupture\/wp-content\/uploads\/2020\/05\/culture_DarioFoperlaregiadellafarsaedellacommedia-768x544.jpg 768w\" sizes=\"auto, (max-width: 800px) 100vw, 800px\" \/><\/a><\/figure>\n","protected":false},"excerpt":{"rendered":"<p>Espace de co-\u00e9laboration sur la culture et le secteur culturel professionnel et amateur, sur la place des loisirs et animations citoyennes, sur la vie associative et dans la cit\u00e9. (pour publier une contribution : cr\u00e9ez votre acc\u00e8s gratuit ici) acc\u00e9der<\/p>\n","protected":false},"author":2,"featured_media":0,"parent":108,"menu_order":7,"comment_status":"closed","ping_status":"closed","template":"","meta":{"_bbp_topic_count":0,"_bbp_reply_count":0,"_bbp_total_topic_count":0,"_bbp_total_reply_count":0,"_bbp_voice_count":0,"_bbp_anonymous_reply_count":0,"_bbp_topic_count_hidden":0,"_bbp_reply_count_hidden":0,"_bbp_forum_subforum_count":0,"footnotes":""},"class_list":["post-124","page","type-page","status-publish","hentry"],"aioseo_notices":[],"_links":{"self":[{"href":"https:\/\/www.mcca-ain.org\/rupture\/wp-json\/wp\/v2\/pages\/124","targetHints":{"allow":["GET"]}}],"collection":[{"href":"https:\/\/www.mcca-ain.org\/rupture\/wp-json\/wp\/v2\/pages"}],"about":[{"href":"https:\/\/www.mcca-ain.org\/rupture\/wp-json\/wp\/v2\/types\/page"}],"author":[{"embeddable":true,"href":"https:\/\/www.mcca-ain.org\/rupture\/wp-json\/wp\/v2\/users\/2"}],"replies":[{"embeddable":true,"href":"https:\/\/www.mcca-ain.org\/rupture\/wp-json\/wp\/v2\/comments?post=124"}],"version-history":[{"count":4,"href":"https:\/\/www.mcca-ain.org\/rupture\/wp-json\/wp\/v2\/pages\/124\/revisions"}],"predecessor-version":[{"id":307,"href":"https:\/\/www.mcca-ain.org\/rupture\/wp-json\/wp\/v2\/pages\/124\/revisions\/307"}],"up":[{"embeddable":true,"href":"https:\/\/www.mcca-ain.org\/rupture\/wp-json\/wp\/v2\/pages\/108"}],"wp:attachment":[{"href":"https:\/\/www.mcca-ain.org\/rupture\/wp-json\/wp\/v2\/media?parent=124"}],"curies":[{"name":"wp","href":"https:\/\/api.w.org\/{rel}","templated":true}]}}