{"id":114,"date":"2020-05-23T23:07:50","date_gmt":"2020-05-23T21:07:50","guid":{"rendered":"https:\/\/www.mcca-ain.org\/rupture\/?page_id=114"},"modified":"2020-06-05T19:25:06","modified_gmt":"2020-06-05T17:25:06","slug":"ressources-communes","status":"publish","type":"page","link":"https:\/\/www.mcca-ain.org\/rupture\/ressources-communes\/","title":{"rendered":"Nos Ressources en commun"},"content":{"rendered":"\n<p>Cet espace collaboratif permet de prolonger les propositions et r\u00e9f\u00e9rences de chaque contribution publi\u00e9e dans l&rsquo;un des forums. Chacun-e peut y d\u00e9poser ses liens et documents.<em> <\/em><\/p>\n\n\n\n<p>Pour d\u00e9poser une contribution vous devez poss\u00e9der ou ouvrir ici un <strong>acc\u00e8s gratuit : <a href=\"https:\/\/www.mcca-ain.org\/rupture\/\/wp-login.php?action=register\">contributeur<\/a><\/strong> . <\/p>\n\n\n\n<p>Pour le moment la soumission de lien\/texte\/vid\u00e9o\/audio-radio est mod\u00e9r\u00e9e afin d&rsquo;\u00e9viter les attaques intempestives hostiles. Nous esp\u00e9rons pouvoir rapidement d\u00e9passer ce stade de limitation : merci d&rsquo;adresser vos propositions \u00e0  <a href=\"mailto:contributions@rupture.direct\">contributions@rupture.direct<\/a>  <\/p>\n\n\n\n<div class=\"wp-block-image\"><figure class=\"alignleft size-large is-resized\"><a href=\"https:\/\/www.mcca-ain.org\/rupture\/\/annuaire-professionnel\/wpbdp_category\/ressources-internet\/\"><img loading=\"lazy\" decoding=\"async\" src=\"https:\/\/www.mcca-ain.org\/rupture\/\/wp-content\/uploads\/2020\/05\/liens_sites_internet-1024x639.jpg\" alt=\"\" class=\"wp-image-200\" width=\"256\" height=\"160\" srcset=\"https:\/\/www.mcca-ain.org\/rupture\/wp-content\/uploads\/2020\/05\/liens_sites_internet-1024x639.jpg 1024w, https:\/\/www.mcca-ain.org\/rupture\/wp-content\/uploads\/2020\/05\/liens_sites_internet-300x187.jpg 300w, https:\/\/www.mcca-ain.org\/rupture\/wp-content\/uploads\/2020\/05\/liens_sites_internet-768x479.jpg 768w, https:\/\/www.mcca-ain.org\/rupture\/wp-content\/uploads\/2020\/05\/liens_sites_internet.jpg 1139w\" sizes=\"auto, (max-width: 256px) 100vw, 256px\" \/><\/a><figcaption>Pour consulter les <strong><a href=\"https:\/\/www.mcca-ain.org\/rupture\/\/annuaire-professionnel\/wpbdp_category\/ressources-internet\/\">liens internet<\/a><\/strong> ici<\/figcaption><\/figure><\/div>\n\n\n\n<p><\/p>\n\n\n\n<p><\/p>\n\n\n\n<p><\/p>\n\n\n\n<p><\/p>\n\n\n\n<div class=\"wp-block-image\"><figure class=\"alignleft size-large is-resized\"><a href=\"https:\/\/www.mcca-ain.org\/rupture\/\/annuaire-professionnel\/wpbdp_category\/ressources-textes-ecrits\"><img loading=\"lazy\" decoding=\"async\" src=\"https:\/\/www.mcca-ain.org\/rupture\/\/wp-content\/uploads\/2020\/05\/depose-ecrits.jpg\" alt=\"\" class=\"wp-image-189\" width=\"250\" height=\"185\" srcset=\"https:\/\/www.mcca-ain.org\/rupture\/wp-content\/uploads\/2020\/05\/depose-ecrits.jpg 907w, https:\/\/www.mcca-ain.org\/rupture\/wp-content\/uploads\/2020\/05\/depose-ecrits-300x221.jpg 300w, https:\/\/www.mcca-ain.org\/rupture\/wp-content\/uploads\/2020\/05\/depose-ecrits-768x566.jpg 768w\" sizes=\"auto, (max-width: 250px) 100vw, 250px\" \/><\/a><figcaption>Pour consulter les <strong><a href=\"https:\/\/www.mcca-ain.org\/rupture\/\/annuaire-professionnel\/wpbdp_category\/ressources-textes-ecrits\">ressources \u00e9crites<\/a><\/strong> ici .<\/figcaption><\/figure><\/div>\n\n\n\n<p> <\/p>\n\n\n\n<p><\/p>\n\n\n\n<p><\/p>\n\n\n\n<p><\/p>\n\n\n\n<div class=\"wp-block-image\"><figure class=\"alignleft size-large is-resized\"><a href=\"https:\/\/www.mcca-ain.org\/rupture\/\/annuaire-professionnel\/wpbdp_category\/ressources-videos\"><img loading=\"lazy\" decoding=\"async\" src=\"https:\/\/www.mcca-ain.org\/rupture\/\/wp-content\/uploads\/2020\/05\/videos_01-1024x583.jpg\" alt=\"\" class=\"wp-image-195\" width=\"256\" height=\"146\" srcset=\"https:\/\/www.mcca-ain.org\/rupture\/wp-content\/uploads\/2020\/05\/videos_01-1024x583.jpg 1024w, https:\/\/www.mcca-ain.org\/rupture\/wp-content\/uploads\/2020\/05\/videos_01-300x171.jpg 300w, https:\/\/www.mcca-ain.org\/rupture\/wp-content\/uploads\/2020\/05\/videos_01-768x437.jpg 768w, https:\/\/www.mcca-ain.org\/rupture\/wp-content\/uploads\/2020\/05\/videos_01.jpg 1144w\" sizes=\"auto, (max-width: 256px) 100vw, 256px\" \/><\/a><figcaption>Pour consulter les <strong><a href=\"https:\/\/www.mcca-ain.org\/rupture\/\/annuaire-professionnel\/wpbdp_category\/ressources-videos\">ressources vid\u00e9os<\/a><\/strong> ici.<\/figcaption><\/figure><\/div>\n\n\n\n<p><\/p>\n\n\n\n<p><\/p>\n\n\n\n<p><\/p>\n\n\n\n<div class=\"wp-block-image\"><figure class=\"alignleft size-large is-resized\"><a href=\"https:\/\/www.mcca-ain.org\/rupture\/\/annuaire-professionnel\/wpbdp_category\/ressources-audio\/\"><img loading=\"lazy\" decoding=\"async\" src=\"https:\/\/www.mcca-ain.org\/rupture\/\/wp-content\/uploads\/2020\/06\/radio-stations-studio.jpg\" alt=\"\" class=\"wp-image-506\" width=\"259\" height=\"171\" srcset=\"https:\/\/www.mcca-ain.org\/rupture\/wp-content\/uploads\/2020\/06\/radio-stations-studio.jpg 236w, https:\/\/www.mcca-ain.org\/rupture\/wp-content\/uploads\/2020\/06\/radio-stations-studio-150x100.jpg 150w\" sizes=\"auto, (max-width: 259px) 100vw, 259px\" \/><\/a><figcaption>Pour consulter les <a href=\"https:\/\/www.mcca-ain.org\/rupture\/\/annuaire-professionnel\/wpbdp_category\/ressources-audio\/\">ressources audio<\/a>s ici.<\/figcaption><\/figure><\/div>\n\n\n\n<p><\/p>\n\n\n\n<p><em>En affectant correctement les ressources \u00e0 l&rsquo;une des rubriques ad\u00e9quates \u00ab\u00a0Liens internet\u00a0\u00bb &#8211; \u00ab\u00a0Ressources \u00e9crites\u00a0\u00bb &#8211; \u00ab\u00a0Ressources vid\u00e9os\u00a0\u00bb &#8211; \u00ab\u00a0Ressources audio\u00a0\u00bb, la lecture et la d\u00e9couverte en serons plus ais\u00e9es.<\/em><\/p>\n\n\n\n<div class=\"wp-block-image\"><figure class=\"aligncenter size-large is-resized\"><img loading=\"lazy\" decoding=\"async\" src=\"https:\/\/www.mcca-ain.org\/rupture\/\/wp-content\/uploads\/2020\/05\/contribution-terre-humain.jpg\" alt=\"\" class=\"wp-image-273\" width=\"214\" height=\"222\" srcset=\"https:\/\/www.mcca-ain.org\/rupture\/wp-content\/uploads\/2020\/05\/contribution-terre-humain.jpg 857w, https:\/\/www.mcca-ain.org\/rupture\/wp-content\/uploads\/2020\/05\/contribution-terre-humain-290x300.jpg 290w, https:\/\/www.mcca-ain.org\/rupture\/wp-content\/uploads\/2020\/05\/contribution-terre-humain-768x794.jpg 768w\" sizes=\"auto, (max-width: 214px) 100vw, 214px\" \/><\/figure><\/div>\n","protected":false},"excerpt":{"rendered":"<p>Cet espace collaboratif permet de prolonger les propositions et r\u00e9f\u00e9rences de chaque contribution publi\u00e9e dans l&rsquo;un des forums. Chacun-e peut y d\u00e9poser ses liens et documents. Pour d\u00e9poser une contribution vous devez poss\u00e9der ou ouvrir ici un acc\u00e8s gratuit :<\/p>\n","protected":false},"author":2,"featured_media":0,"parent":0,"menu_order":0,"comment_status":"closed","ping_status":"closed","template":"","meta":{"_bbp_topic_count":0,"_bbp_reply_count":0,"_bbp_total_topic_count":0,"_bbp_total_reply_count":0,"_bbp_voice_count":0,"_bbp_anonymous_reply_count":0,"_bbp_topic_count_hidden":0,"_bbp_reply_count_hidden":0,"_bbp_forum_subforum_count":0,"footnotes":""},"class_list":["post-114","page","type-page","status-publish","hentry"],"aioseo_notices":[],"_links":{"self":[{"href":"https:\/\/www.mcca-ain.org\/rupture\/wp-json\/wp\/v2\/pages\/114","targetHints":{"allow":["GET"]}}],"collection":[{"href":"https:\/\/www.mcca-ain.org\/rupture\/wp-json\/wp\/v2\/pages"}],"about":[{"href":"https:\/\/www.mcca-ain.org\/rupture\/wp-json\/wp\/v2\/types\/page"}],"author":[{"embeddable":true,"href":"https:\/\/www.mcca-ain.org\/rupture\/wp-json\/wp\/v2\/users\/2"}],"replies":[{"embeddable":true,"href":"https:\/\/www.mcca-ain.org\/rupture\/wp-json\/wp\/v2\/comments?post=114"}],"version-history":[{"count":37,"href":"https:\/\/www.mcca-ain.org\/rupture\/wp-json\/wp\/v2\/pages\/114\/revisions"}],"predecessor-version":[{"id":523,"href":"https:\/\/www.mcca-ain.org\/rupture\/wp-json\/wp\/v2\/pages\/114\/revisions\/523"}],"wp:attachment":[{"href":"https:\/\/www.mcca-ain.org\/rupture\/wp-json\/wp\/v2\/media?parent=114"}],"curies":[{"name":"wp","href":"https:\/\/api.w.org\/{rel}","templated":true}]}}