{"id":108,"date":"2020-05-23T22:59:47","date_gmt":"2020-05-23T20:59:47","guid":{"rendered":"https:\/\/www.mcca-ain.org\/rupture\/?page_id=108"},"modified":"2020-05-26T19:27:48","modified_gmt":"2020-05-26T17:27:48","slug":"regles-de-la-co-creation","status":"publish","type":"page","link":"https:\/\/www.mcca-ain.org\/rupture\/regles-de-la-co-creation\/","title":{"rendered":"Nous Co-cr\u00e9ons"},"content":{"rendered":"\n<p><strong>R\u00e8gles <\/strong>: La parole est libre, la r\u00e9flexion est ouverte, le droit de suite est souhaitable, la mise en commun est l&rsquo;objectif tout comme la dynamique pens\u00e9e\/action .<\/p>\n\n\n\n<p><strong>Pratique<\/strong> : Avant de lancer un nouveau th\u00e8me : assurez-vous qu&rsquo;un th\u00e8me identique ou similaire ou proche n&rsquo;existe pas d\u00e9j\u00e0. Une bonne organisation de regroupement permet en un seul regard d&rsquo;acc\u00e9der \u00e0 la grande diversit\u00e9 et \u00e0 la richesse de chacune des contributions et propositions.<\/p>\n\n\n\n<p><strong>Ressources<\/strong> : Nous incitons les contributeurs et contributrices \u00e0 fournir leurs liens de ressources permettant de se r\u00e9f\u00e9rer et d&rsquo;amplifier les \u00e9laborations.<\/p>\n\n\n\n<p><strong>Contact <\/strong>: Il est possible pour chacun-e et souhaitable, mais non obligatoire, de mentionner des possibilit\u00e9s de contact direct tels adresse courriel ou num\u00e9ro t\u00e9l\u00e9phonique.<\/p>\n\n\n\n<p><strong>Respect<\/strong> : Evidemment tout propos haineux et raciste, homophobe et sexiste, discriminatoire est banni des \u00e9changes et de la mise en commun des id\u00e9es et objectifs.<\/p>\n\n\n\n<p><a href=\"https:\/\/www.mcca-ain.org\/rupture\/\/forums\/\">acc\u00e9der ici \u00e0 l&rsquo;ensemble des espaces de co-\u00e9laboration<\/a><\/p>\n\n\n\n<figure class=\"wp-block-image size-large is-resized\"><img loading=\"lazy\" decoding=\"async\" src=\"https:\/\/www.mcca-ain.org\/rupture\/\/wp-content\/uploads\/2020\/05\/hands-565603-1024x724.png\" alt=\"\" class=\"wp-image-109\" width=\"575\" height=\"362\"\/><\/figure>\n","protected":false},"excerpt":{"rendered":"<p>R\u00e8gles : La parole est libre, la r\u00e9flexion est ouverte, le droit de suite est souhaitable, la mise en commun est l&rsquo;objectif tout comme la dynamique pens\u00e9e\/action . Pratique : Avant de lancer un nouveau th\u00e8me : assurez-vous qu&rsquo;un th\u00e8me<\/p>\n","protected":false},"author":2,"featured_media":109,"parent":0,"menu_order":0,"comment_status":"closed","ping_status":"closed","template":"","meta":{"_bbp_topic_count":0,"_bbp_reply_count":0,"_bbp_total_topic_count":0,"_bbp_total_reply_count":0,"_bbp_voice_count":0,"_bbp_anonymous_reply_count":0,"_bbp_topic_count_hidden":0,"_bbp_reply_count_hidden":0,"_bbp_forum_subforum_count":0,"footnotes":""},"class_list":["post-108","page","type-page","status-publish","has-post-thumbnail","hentry"],"aioseo_notices":[],"_links":{"self":[{"href":"https:\/\/www.mcca-ain.org\/rupture\/wp-json\/wp\/v2\/pages\/108","targetHints":{"allow":["GET"]}}],"collection":[{"href":"https:\/\/www.mcca-ain.org\/rupture\/wp-json\/wp\/v2\/pages"}],"about":[{"href":"https:\/\/www.mcca-ain.org\/rupture\/wp-json\/wp\/v2\/types\/page"}],"author":[{"embeddable":true,"href":"https:\/\/www.mcca-ain.org\/rupture\/wp-json\/wp\/v2\/users\/2"}],"replies":[{"embeddable":true,"href":"https:\/\/www.mcca-ain.org\/rupture\/wp-json\/wp\/v2\/comments?post=108"}],"version-history":[{"count":5,"href":"https:\/\/www.mcca-ain.org\/rupture\/wp-json\/wp\/v2\/pages\/108\/revisions"}],"predecessor-version":[{"id":232,"href":"https:\/\/www.mcca-ain.org\/rupture\/wp-json\/wp\/v2\/pages\/108\/revisions\/232"}],"wp:featuredmedia":[{"embeddable":true,"href":"https:\/\/www.mcca-ain.org\/rupture\/wp-json\/wp\/v2\/media\/109"}],"wp:attachment":[{"href":"https:\/\/www.mcca-ain.org\/rupture\/wp-json\/wp\/v2\/media?parent=108"}],"curies":[{"name":"wp","href":"https:\/\/api.w.org\/{rel}","templated":true}]}}