{"id":457,"date":"2022-07-25T14:47:19","date_gmt":"2022-07-25T12:47:19","guid":{"rendered":"https:\/\/www.mcca-ain.org\/neanderthal\/?page_id=457"},"modified":"2022-07-29T17:04:46","modified_gmt":"2022-07-29T15:04:46","slug":"lexique-definition-hominides-evolution-divergence-croisement","status":"publish","type":"page","link":"https:\/\/www.mcca-ain.org\/neanderthal\/lexique-definition-hominides-evolution-divergence-croisement\/","title":{"rendered":"Lexique\/D\u00e9finition"},"content":{"rendered":"\r\n<figure class=\"wp-block-image size-large\"><img decoding=\"async\" loading=\"lazy\" width=\"1024\" height=\"497\" src=\"https:\/\/www.mcca-ain.org\/neanderthal\/wp-content\/uploads\/2022\/07\/chronologie-homides-1024x497.jpg\" alt=\"\" class=\"wp-image-639\" srcset=\"https:\/\/www.mcca-ain.org\/neanderthal\/wp-content\/uploads\/2022\/07\/chronologie-homides-1024x497.jpg 1024w, https:\/\/www.mcca-ain.org\/neanderthal\/wp-content\/uploads\/2022\/07\/chronologie-homides-300x146.jpg 300w, https:\/\/www.mcca-ain.org\/neanderthal\/wp-content\/uploads\/2022\/07\/chronologie-homides-768x373.jpg 768w, https:\/\/www.mcca-ain.org\/neanderthal\/wp-content\/uploads\/2022\/07\/chronologie-homides.jpg 1342w\" sizes=\"(max-width: 1024px) 100vw, 1024px\" \/><\/figure>\r\n\r\n\r\n\r\n<p class=\"has-medium-font-size\"><strong>L&rsquo;homme* de N\u00e9andertal<\/strong> (neanderthal)<\/p>\r\n\r\n\r\n<div class=\"wp-block-image\">\r\n<figure class=\"alignleft size-full is-resized\"><img decoding=\"async\" loading=\"lazy\" src=\"https:\/\/www.mcca-ain.org\/neanderthal\/wp-content\/uploads\/2022\/07\/neandertal_femmes.jpg\" alt=\"\" class=\"wp-image-466\" width=\"350\" height=\"233\" srcset=\"https:\/\/www.mcca-ain.org\/neanderthal\/wp-content\/uploads\/2022\/07\/neandertal_femmes.jpg 474w, https:\/\/www.mcca-ain.org\/neanderthal\/wp-content\/uploads\/2022\/07\/neandertal_femmes-300x199.jpg 300w\" sizes=\"(max-width: 350px) 100vw, 350px\" \/><\/figure><\/div>\r\n\r\n\r\n<p>Retrouv\u00e9, jusqu&rsquo;\u00e0 ce jour uniquement en Europe, l<strong>&lsquo;homme de Neandertal <\/strong>serait apparu il y a environ 300.000 ans. Il serait l&rsquo;\u00e9volution d&rsquo;une population d&rsquo;Homo heidelbergensis europ\u00e9enne.<br>Longtemps discut\u00e9e, sa position phylog\u00e9n\u00e9tique (1) expose aujourd&rsquo;hui l&rsquo;homme de Neandertal comme une esp\u00e8ce \u00e0 part enti\u00e8re (Homo neandertalensis ou Homo neanderthalensis) qui a disparu il y a environ 30.000 ans.<br>L&rsquo;homme de Neandertal doit son nom \u00e0 la d\u00e9couverte de quelques ossements, en 1856, dans une carri\u00e8re du vallon de Neander, d&rsquo;o\u00f9 le terme de Neanderthal ( en allemand, Thal signifie vall\u00e9e). D&rsquo;autres exemplaires de la m\u00eame esp\u00e8ce avaient d\u00e9j\u00e0 \u00e9t\u00e9 trouv\u00e9s \u00e0 plusieurs reprises au XIXe si\u00e8cle. <br>Les n\u00e9andertaliens connaissaient le feu, taillaient la pierre pour fabriquer des outils (industrie moust\u00e9rienne), chassaient le mammouth, faisaient des bijoux et r\u00e9alisaient des s\u00e9pultures. On ne sait pas encore si ils parlaient ni la cause exacte de leur disparition bien qu&rsquo;une piste \u00ab\u00a0g\u00e9nocidaire\u00a0\u00bb de la part de Homo Sapiens est \u00e9tudi\u00e9e.<\/p>\r\n\r\n\r\n\r\n<p><\/p>\r\n\r\n\r\n\r\n<p class=\"has-medium-font-size\"><strong>Phylog\u00e9nie<\/strong><\/p>\r\n\r\n\r\n<div class=\"wp-block-image\">\r\n<figure class=\"alignleft size-full is-resized\"><img decoding=\"async\" loading=\"lazy\" src=\"https:\/\/www.mcca-ain.org\/neanderthal\/wp-content\/uploads\/2022\/07\/Dendrogramme_representation-phylogenetique_parente-entre-tous-les-etres-vivants.jpg\" alt=\"\" class=\"wp-image-461\" width=\"358\" height=\"236\" srcset=\"https:\/\/www.mcca-ain.org\/neanderthal\/wp-content\/uploads\/2022\/07\/Dendrogramme_representation-phylogenetique_parente-entre-tous-les-etres-vivants.jpg 800w, https:\/\/www.mcca-ain.org\/neanderthal\/wp-content\/uploads\/2022\/07\/Dendrogramme_representation-phylogenetique_parente-entre-tous-les-etres-vivants-300x198.jpg 300w, https:\/\/www.mcca-ain.org\/neanderthal\/wp-content\/uploads\/2022\/07\/Dendrogramme_representation-phylogenetique_parente-entre-tous-les-etres-vivants-768x507.jpg 768w\" sizes=\"(max-width: 358px) 100vw, 358px\" \/><\/figure><\/div>\r\n\r\n\r\n<p><strong>La phylog\u00e9nie<\/strong> (terme invent\u00e9 en 1866 par le biologiste allemand Ernst Haeckel, apr\u00e8s les travaux de Jean-Baptiste Lamarck en 1809 et de Charles Darwin publi\u00e9s en 1859,) est l&rsquo;\u00e9tude des liens existant entre esp\u00e8ces apparent\u00e9es qui permet de retracer les principales \u00e9tapes de l&rsquo;\u00e9volution des organismes depuis un anc\u00eatre commun et, ce faisant, de classifier plus pr\u00e9cis\u00e9ment les relations de parent\u00e9s entre les \u00eatres vivant<em>s.<\/em> <\/p>\r\n\r\n\r\n\r\n<p>Le Dendrogramme (repr\u00e9sentation phylog\u00e9n\u00e9tique) illustre la parent\u00e9 entre tous les \u00eatres vivants. Le centre du graphique pointe l&rsquo;anc\u00eatre commun \u00e0 tous les organismes actuels. La distance entre chaque groupe indique leur proximit\u00e9 g\u00e9n\u00e9tique. (\u00a9 User A1, Wikip\u00e9dia, DP)<\/p>\r\n\r\n\r\n\r\n<p class=\"has-medium-font-size\"><strong>Homo<\/strong>*<\/p>\r\n\r\n\r\n<div class=\"wp-block-image\">\r\n<figure class=\"alignleft size-full is-resized\"><img decoding=\"async\" loading=\"lazy\" src=\"https:\/\/www.mcca-ain.org\/neanderthal\/wp-content\/uploads\/2022\/07\/Homos.jpg\" alt=\"\" class=\"wp-image-463\" width=\"376\" height=\"211\" srcset=\"https:\/\/www.mcca-ain.org\/neanderthal\/wp-content\/uploads\/2022\/07\/Homos.jpg 980w, https:\/\/www.mcca-ain.org\/neanderthal\/wp-content\/uploads\/2022\/07\/Homos-300x169.jpg 300w, https:\/\/www.mcca-ain.org\/neanderthal\/wp-content\/uploads\/2022\/07\/Homos-768x433.jpg 768w, https:\/\/www.mcca-ain.org\/neanderthal\/wp-content\/uploads\/2022\/07\/Homos-800x450.jpg 800w\" sizes=\"(max-width: 376px) 100vw, 376px\" \/><\/figure><\/div>\r\n\r\n\r\n<p style=\"font-size:16px\"><strong>Homo<\/strong>, en latin, signifie \u00ab homme \u00bb, \u00ab \u00eatre humain \u00bb, au sens g\u00e9n\u00e9rique. Alors que vir d\u00e9signe l\u2019\u00ab homme \u00bb au sens de \u00ab m\u00e2le \u00bb, oppos\u00e9 \u00e0 femina, \u00ab femme \u00bb. Le mot d\u00e9rive du latin archa\u00efque h\u0115mo, lui-m\u00eame issu de l\u2019indo-europ\u00e9en *d\u02b0\u01f5\u02b0m\u0325m\u014d (\u00ab [chose \/ fils] de la terre \u00bb).<\/p>\r\n\r\n\r\n\r\n<p class=\"has-medium-font-size\"><strong>Croisement et Divergence<\/strong><\/p>\r\n\r\n\r\n<div class=\"wp-block-image\">\r\n<figure class=\"alignleft size-large is-resized\"><img decoding=\"async\" loading=\"lazy\" src=\"https:\/\/www.mcca-ain.org\/neanderthal\/wp-content\/uploads\/2022\/07\/homo-sapiens-1024x576.jpg\" alt=\"\" class=\"wp-image-481\" width=\"320\" height=\"179\" srcset=\"https:\/\/www.mcca-ain.org\/neanderthal\/wp-content\/uploads\/2022\/07\/homo-sapiens-1024x576.jpg 1024w, https:\/\/www.mcca-ain.org\/neanderthal\/wp-content\/uploads\/2022\/07\/homo-sapiens-300x169.jpg 300w, https:\/\/www.mcca-ain.org\/neanderthal\/wp-content\/uploads\/2022\/07\/homo-sapiens-768x432.jpg 768w, https:\/\/www.mcca-ain.org\/neanderthal\/wp-content\/uploads\/2022\/07\/homo-sapiens-800x450.jpg 800w, https:\/\/www.mcca-ain.org\/neanderthal\/wp-content\/uploads\/2022\/07\/homo-sapiens.jpg 1280w\" sizes=\"(max-width: 320px) 100vw, 320px\" \/><\/figure><\/div>\r\n\r\n\r\n<p><strong>Les lign\u00e9es de l&rsquo;homme de Neandertal et d&rsquo;Homo sapiens<\/strong> auraient diverg\u00e9 il y a environ 500.000 ans. Originaire d&rsquo;Europe, l&rsquo;homme de N\u00e9andertal a migr\u00e9 plus \u00e0 l&rsquo;Est, vers le Proche-Orient et l&rsquo;Asie il y a 100.000 ans environ. L&rsquo;homme de Neandertal a cohabit\u00e9 avec l&rsquo;homme de Cro-Magnon, Homo sapiens, pendant des dizaines de milliers d&rsquo;ann\u00e9es. Il a aussi cohabit\u00e9 avec l&rsquo;homme de Denisova, qui a lui aussi disparu, et avec qui il a pu avoir des rapports sexuels. <\/p>\r\n\r\n\r\n\r\n<p>Lorsque les premiers groupes d&rsquo;humains modernes se sont d\u00e9plac\u00e9s hors de l&rsquo;Afrique, ils ont pu rencontrer et s&rsquo;accoupler avec des N\u00e9andertaliens. Cette rencontre a pu se faire dans la riche vall\u00e9e du Nil, le long des collines c\u00f4ti\u00e8res du Moyen-Orient, ou dans la p\u00e9ninsule arabique. Lorsque Homo sapiens s&rsquo;est r\u00e9pandu ensuite en Eurasie, il portait d\u00e9j\u00e0 en lui de l&rsquo;ADN de N\u00e9andertal dans ses cellules. Ce premier groupe d&rsquo;hommes modernes s&rsquo;est ensuite \u00e9teint, mais son ADN a persist\u00e9 dans les N\u00e9andertaliens qui ont migr\u00e9 en Sib\u00e9rie. Il y a 50 000 ans, un autre groupe d&rsquo;hommes modernes a quitt\u00e9 l&rsquo;Afrique et a crois\u00e9 \u00e0 nouveau les N\u00e9andertaliens d&rsquo;Eurasie. A nouveau les deux esp\u00e8ces ont eu des rapports sexuels f\u00e9conds. <\/p>\r\n\r\n\r\n\r\n<p><strong>Des g\u00e8nes n\u00e9andertaliens<\/strong> sont pr\u00e9sents dans l&rsquo;ADN de populations eurasiennes. Des croisements ont pu avoir lieu entre n\u00e9andertaliens et hommes modernes, mais aussi entre n\u00e9andertaliens et hommes de Denisova.<\/p>\r\n\r\n\r\n\r\n<p class=\"has-medium-font-size\"><strong>Anc\u00eatre commun<\/strong><\/p>\r\n\r\n\r\n<div class=\"wp-block-image\">\r\n<figure class=\"alignleft size-full is-resized\"><img decoding=\"async\" loading=\"lazy\" src=\"https:\/\/www.mcca-ain.org\/neanderthal\/wp-content\/uploads\/2022\/07\/arbre-homo.png\" alt=\"\" class=\"wp-image-637\" width=\"360\" height=\"143\" srcset=\"https:\/\/www.mcca-ain.org\/neanderthal\/wp-content\/uploads\/2022\/07\/arbre-homo.png 927w, https:\/\/www.mcca-ain.org\/neanderthal\/wp-content\/uploads\/2022\/07\/arbre-homo-300x119.png 300w, https:\/\/www.mcca-ain.org\/neanderthal\/wp-content\/uploads\/2022\/07\/arbre-homo-768x305.png 768w\" sizes=\"(max-width: 360px) 100vw, 360px\" \/><\/figure><\/div>\r\n\r\n\r\n<p><strong>L&rsquo;analyse de l&rsquo;ADN<\/strong> nucl\u00e9aire de sp\u00e9cimens fossiles d&rsquo;Homo sapiens, d&rsquo;Homme de N\u00e9andertal et d&rsquo;Homme de Denisova, men\u00e9e en 2016 par une \u00e9quipe de scientifiques coordonn\u00e9e par Svante P\u00e4\u00e4bo de l&rsquo;Institut Max-Planck d&rsquo;anthropologie \u00e9volutionniste, \u00e0 Leipzig, en Allemagne, a montr\u00e9 que l&rsquo;Homme de Denisova et l&rsquo;Homme de N\u00e9andertal avaient un anc\u00eatre commun remontant \u00e0 environ 450 000 ans, et que tous deux partageaient avec Homo sapiens un anc\u00eatre commun remontant \u00e0 environ 660 000 ans. Ces r\u00e9sultats s&rsquo;appuient notamment sur l&rsquo;analyse de deux sp\u00e9cimens fossiles de la Sima de los Huesos (Espagne), dat\u00e9s de 430 000 ans, attribu\u00e9s \u00e0 l&rsquo;Homme de N\u00e9andertal, et jug\u00e9s post\u00e9rieurs \u00e0 la s\u00e9paration d&rsquo;avec l&rsquo;Homme de Denisova21. Pour la premi\u00e8re fois, les liens entre diff\u00e9rents repr\u00e9sentants du genre Homo ont pu ainsi \u00eatre \u00e9tablis.<\/p>\r\n\r\n\r\n\r\n<p class=\"has-medium-font-size\"><strong>Cerveau<\/strong><\/p>\r\n\r\n\r\n<div class=\"wp-block-image\">\r\n<figure class=\"alignleft size-large is-resized\"><img decoding=\"async\" loading=\"lazy\" src=\"https:\/\/www.mcca-ain.org\/neanderthal\/wp-content\/uploads\/2022\/07\/cerveau-1-1024x640.jpg\" alt=\"\" class=\"wp-image-486\" width=\"364\" height=\"228\" srcset=\"https:\/\/www.mcca-ain.org\/neanderthal\/wp-content\/uploads\/2022\/07\/cerveau-1-1024x640.jpg 1024w, https:\/\/www.mcca-ain.org\/neanderthal\/wp-content\/uploads\/2022\/07\/cerveau-1-300x187.jpg 300w, https:\/\/www.mcca-ain.org\/neanderthal\/wp-content\/uploads\/2022\/07\/cerveau-1-768x480.jpg 768w, https:\/\/www.mcca-ain.org\/neanderthal\/wp-content\/uploads\/2022\/07\/cerveau-1.jpg 1135w\" sizes=\"(max-width: 364px) 100vw, 364px\" \/><\/figure><\/div>\r\n\r\n\r\n<p><strong>Le cerveau de l&rsquo;homme de Neandertal <\/strong>\u00e9tait plus gros que celui d&rsquo;Homo sapiens, avec un volume sup\u00e9rieur de 15 \u00e0 20 %. Celui des n\u00e9andertaliens est \u00e9tir\u00e9 vers l&rsquo;arri\u00e8re et pr\u00e9sente un front fuyant, une face prognathe, et des bourrelets sus-orbitaires. Le corps de Neandertal appara\u00eet plus trapu que celui de Cro-Magnon. Des caract\u00e9ristiques souvent  pr\u00e9sent\u00e9es comme une adaptation au froid. <br>Le cerveau, si\u00e8ge des fonctions sup\u00e9rieures (fonctions cognitives, sens, r\u00e9ponses nerveuses) et v\u00e9g\u00e9tatives est un organe essentiel assurant la r\u00e9gulation de toutes les fonctions vitales. Il re\u00e7oit des informations provenant de l&rsquo;ensemble du corps humain via des nerfs aff\u00e9rents, les int\u00e8gre et les analyse puis r\u00e9pond en \u00e9mettant de nouveaux signaux qui redescendent vers les parties du corps concern\u00e9es par les nerfs eff\u00e9rents.<br>Le cerveau est ainsi responsable du rythme cardiaque et respiratoire, des fonctions qui pour nous sont inconscientes. Et il est aussi impliqu\u00e9 dans la prise de d\u00e9cision, dans la motricit\u00e9 du corps, le comportement, la m\u00e9moire, la conscience\u2026<\/p>\r\n\r\n\r\n\r\n<p class=\"has-medium-font-size\"><strong>L&rsquo;Homme* de Denisova<\/strong><\/p>\r\n\r\n\r\n<div class=\"wp-block-image\">\r\n<figure class=\"alignleft size-large is-resized\"><img decoding=\"async\" loading=\"lazy\" src=\"https:\/\/www.mcca-ain.org\/neanderthal\/wp-content\/uploads\/2022\/07\/denisovien-denisova-1024x576.jpg\" alt=\"\" class=\"wp-image-632\" width=\"352\" height=\"197\" srcset=\"https:\/\/www.mcca-ain.org\/neanderthal\/wp-content\/uploads\/2022\/07\/denisovien-denisova-1024x576.jpg 1024w, https:\/\/www.mcca-ain.org\/neanderthal\/wp-content\/uploads\/2022\/07\/denisovien-denisova-300x169.jpg 300w, https:\/\/www.mcca-ain.org\/neanderthal\/wp-content\/uploads\/2022\/07\/denisovien-denisova-768x432.jpg 768w, https:\/\/www.mcca-ain.org\/neanderthal\/wp-content\/uploads\/2022\/07\/denisovien-denisova-1536x864.jpg 1536w, https:\/\/www.mcca-ain.org\/neanderthal\/wp-content\/uploads\/2022\/07\/denisovien-denisova-800x450.jpg 800w, https:\/\/www.mcca-ain.org\/neanderthal\/wp-content\/uploads\/2022\/07\/denisovien-denisova.jpg 1920w\" sizes=\"(max-width: 352px) 100vw, 352px\" \/><\/figure><\/div>\r\n\r\n\r\n<p><strong>L&rsquo;Homme de Denisova, ou D\u00e9nisovien<\/strong>, est une esp\u00e8ce \u00e9teinte du genre Homo, identifi\u00e9e par analyse g\u00e9n\u00e9tique en mars 2010 \u00e0 partir d&rsquo;une phalange humaine fossile dat\u00e9e d&rsquo;environ 41 000 ans, trouv\u00e9e dans la grotte de Denisova, dans les montagnes de l&rsquo;Alta\u00ef dans le sud-ouest de la Sib\u00e9rie (Russie) pr\u00e8s de la fronti\u00e8re avec la Chine et la Mongolie. C&rsquo;est un ermite russe, Denis, qui y v\u00e9cut au XVIIIe si\u00e8cle, qui d\u00e9nomma cette cavit\u00e9. Elle fut explor\u00e9e pour la premi\u00e8re fois dans les ann\u00e9es 1970 par le pal\u00e9ontologue russe Nikola\u00ef Ovodov qui cherchait des fossiles de canid\u00e9s.<br>L&rsquo;\u00e9quipe a isol\u00e9 le chromosome 21 issu de l&rsquo;ADN de cette n\u00e9andertalienne de Sib\u00e9rie et l&rsquo;a compar\u00e9 avec le chromosome 21 de l&rsquo;ADN de l&rsquo;homme moderne et celui de deux autres N\u00e9andertaliens (grotte El Sidr\u00f3n, en Espagne, et grotte Vindija, en Croatie).  L&rsquo;analyse du g\u00e9nome nucl\u00e9aire a montr\u00e9 que les D\u00e9nisoviens partageaient un anc\u00eatre commun avec les N\u00e9andertaliens, et qu&rsquo;ils se sont hybrid\u00e9s avec les anc\u00eatres de certains hommes modernes (3 \u00e0 5 % de l&rsquo;ADN des M\u00e9lan\u00e9siens et des Aborig\u00e8nes d&rsquo;Australie est issu des D\u00e9nisoviens). De m\u00eame, ils auraient transmis aux Tib\u00e9tains un g\u00e8ne permettant leur adaptation \u00e0 la vie en altitude.<br>Le r\u00e9sultat est inattendu puisque le N\u00e9andertalien de l&rsquo;Alta\u00ef partage plus d&rsquo;ADN avec les hommes modernes qu&rsquo;avec les deux autres N\u00e9andertaliens europ\u00e9ens ! Au global, les chercheurs ont trouv\u00e9 qu&rsquo;environ 1 % \u00e0 7,1 % de l&rsquo;ADN de cette n\u00e9andertalienne sib\u00e9rienne de 50 000 ans avait des traces d&rsquo;ADN d&rsquo;Homo sapiens.<\/p>\r\n","protected":false},"excerpt":{"rendered":"<p>L&rsquo;homme* de N\u00e9andertal (neanderthal) Retrouv\u00e9, jusqu&rsquo;\u00e0 ce jour uniquement en Europe, l&lsquo;homme de Neandertal serait apparu il y a environ 300.000 ans. Il serait l&rsquo;\u00e9volution d&rsquo;une population d&rsquo;Homo heidelbergensis europ\u00e9enne.Longtemps discut\u00e9e, sa position phylog\u00e9n\u00e9tique (1) expose aujourd&rsquo;hui l&rsquo;homme de Neandertal comme une esp\u00e8ce \u00e0 part enti\u00e8re (Homo neandertalensis ou Homo neanderthalensis) qui a disparu il [&hellip;]<\/p>\n","protected":false},"author":1,"featured_media":0,"parent":0,"menu_order":0,"comment_status":"closed","ping_status":"closed","template":"","meta":[],"yoast_head":"<!-- This site is optimized with the Yoast SEO plugin v21.8.1 - https:\/\/yoast.com\/wordpress\/plugins\/seo\/ -->\n<title>Lexique\/D\u00e9finition - hominid\u00e9s - Neanderthal.blog<\/title>\n<meta name=\"description\" content=\"Lexique\/D\u00e9finition : Home de N\u00e9andertal, Homo sapiens, Denisova. Les derni\u00e8res d\u00e9couvertes remettent en cause le discours officiel ant\u00e9rieur\" \/>\n<meta name=\"robots\" content=\"index, follow, max-snippet:-1, max-image-preview:large, max-video-preview:-1\" \/>\n<link rel=\"canonical\" href=\"https:\/\/www.mcca-ain.org\/neanderthal\/lexique-definition-hominides-evolution-divergence-croisement\/\" \/>\n<meta property=\"og:locale\" content=\"fr_FR\" \/>\n<meta property=\"og:type\" content=\"article\" \/>\n<meta property=\"og:title\" content=\"Lexique\/D\u00e9finition - hominid\u00e9s - Neanderthal.blog\" \/>\n<meta property=\"og:description\" content=\"Lexique\/D\u00e9finition : Home de N\u00e9andertal, Homo sapiens, Denisova. Les derni\u00e8res d\u00e9couvertes remettent en cause le discours officiel ant\u00e9rieur\" \/>\n<meta property=\"og:url\" content=\"https:\/\/www.mcca-ain.org\/neanderthal\/lexique-definition-hominides-evolution-divergence-croisement\/\" \/>\n<meta property=\"og:site_name\" content=\"Neanderthal.blog\" \/>\n<meta property=\"article:modified_time\" content=\"2022-07-29T15:04:46+00:00\" \/>\n<meta property=\"og:image\" content=\"https:\/\/www.mcca-ain.org\/neanderthal\/wp-content\/uploads\/2022\/07\/chronologie-homides-1024x497.jpg\" \/>\n<meta name=\"twitter:card\" content=\"summary_large_image\" \/>\n<meta name=\"twitter:label1\" content=\"Dur\u00e9e de lecture estim\u00e9e\" \/>\n\t<meta name=\"twitter:data1\" content=\"8 minutes\" \/>\n<script type=\"application\/ld+json\" class=\"yoast-schema-graph\">{\"@context\":\"https:\/\/schema.org\",\"@graph\":[{\"@type\":\"WebPage\",\"@id\":\"https:\/\/www.mcca-ain.org\/neanderthal\/lexique-definition-hominides-evolution-divergence-croisement\/\",\"url\":\"https:\/\/www.mcca-ain.org\/neanderthal\/lexique-definition-hominides-evolution-divergence-croisement\/\",\"name\":\"Lexique\/D\u00e9finition - hominid\u00e9s - Neanderthal.blog\",\"isPartOf\":{\"@id\":\"https:\/\/www.mcca-ain.org\/neanderthal\/#website\"},\"datePublished\":\"2022-07-25T12:47:19+00:00\",\"dateModified\":\"2022-07-29T15:04:46+00:00\",\"description\":\"Lexique\/D\u00e9finition : Home de N\u00e9andertal, Homo sapiens, Denisova. Les derni\u00e8res d\u00e9couvertes remettent en cause le discours officiel ant\u00e9rieur\",\"breadcrumb\":{\"@id\":\"https:\/\/www.mcca-ain.org\/neanderthal\/lexique-definition-hominides-evolution-divergence-croisement\/#breadcrumb\"},\"inLanguage\":\"fr-FR\",\"potentialAction\":[{\"@type\":\"ReadAction\",\"target\":[\"https:\/\/www.mcca-ain.org\/neanderthal\/lexique-definition-hominides-evolution-divergence-croisement\/\"]}]},{\"@type\":\"BreadcrumbList\",\"@id\":\"https:\/\/www.mcca-ain.org\/neanderthal\/lexique-definition-hominides-evolution-divergence-croisement\/#breadcrumb\",\"itemListElement\":[{\"@type\":\"ListItem\",\"position\":1,\"name\":\"Accueil\",\"item\":\"https:\/\/www.mcca-ain.org\/neanderthal\/\"},{\"@type\":\"ListItem\",\"position\":2,\"name\":\"Lexique\/D\u00e9finition\"}]},{\"@type\":\"WebSite\",\"@id\":\"https:\/\/www.mcca-ain.org\/neanderthal\/#website\",\"url\":\"https:\/\/www.mcca-ain.org\/neanderthal\/\",\"name\":\"Neanderthal.blog\",\"description\":\"R\u00e9habilitation des N\u00e9andertalien-nes extermin\u00e9s par Homo Sapiens\",\"publisher\":{\"@id\":\"https:\/\/www.mcca-ain.org\/neanderthal\/#organization\"},\"potentialAction\":[{\"@type\":\"SearchAction\",\"target\":{\"@type\":\"EntryPoint\",\"urlTemplate\":\"https:\/\/www.mcca-ain.org\/neanderthal\/?s={search_term_string}\"},\"query-input\":\"required name=search_term_string\"}],\"inLanguage\":\"fr-FR\"},{\"@type\":\"Organization\",\"@id\":\"https:\/\/www.mcca-ain.org\/neanderthal\/#organization\",\"name\":\"Neanderthal.blog\",\"url\":\"https:\/\/www.mcca-ain.org\/neanderthal\/\",\"logo\":{\"@type\":\"ImageObject\",\"inLanguage\":\"fr-FR\",\"@id\":\"https:\/\/www.mcca-ain.org\/neanderthal\/#\/schema\/logo\/image\/\",\"url\":\"https:\/\/www.mcca-ain.org\/neanderthal\/wp-content\/uploads\/2022\/07\/cadre-main_neandertal.png\",\"contentUrl\":\"https:\/\/www.mcca-ain.org\/neanderthal\/wp-content\/uploads\/2022\/07\/cadre-main_neandertal.png\",\"width\":680,\"height\":680,\"caption\":\"Neanderthal.blog\"},\"image\":{\"@id\":\"https:\/\/www.mcca-ain.org\/neanderthal\/#\/schema\/logo\/image\/\"}}]}<\/script>\n<!-- \/ Yoast SEO plugin. -->","yoast_head_json":{"title":"Lexique\/D\u00e9finition - hominid\u00e9s - Neanderthal.blog","description":"Lexique\/D\u00e9finition : Home de N\u00e9andertal, Homo sapiens, Denisova. Les derni\u00e8res d\u00e9couvertes remettent en cause le discours officiel ant\u00e9rieur","robots":{"index":"index","follow":"follow","max-snippet":"max-snippet:-1","max-image-preview":"max-image-preview:large","max-video-preview":"max-video-preview:-1"},"canonical":"https:\/\/www.mcca-ain.org\/neanderthal\/lexique-definition-hominides-evolution-divergence-croisement\/","og_locale":"fr_FR","og_type":"article","og_title":"Lexique\/D\u00e9finition - hominid\u00e9s - Neanderthal.blog","og_description":"Lexique\/D\u00e9finition : Home de N\u00e9andertal, Homo sapiens, Denisova. Les derni\u00e8res d\u00e9couvertes remettent en cause le discours officiel ant\u00e9rieur","og_url":"https:\/\/www.mcca-ain.org\/neanderthal\/lexique-definition-hominides-evolution-divergence-croisement\/","og_site_name":"Neanderthal.blog","article_modified_time":"2022-07-29T15:04:46+00:00","og_image":[{"url":"https:\/\/www.mcca-ain.org\/neanderthal\/wp-content\/uploads\/2022\/07\/chronologie-homides-1024x497.jpg"}],"twitter_card":"summary_large_image","twitter_misc":{"Dur\u00e9e de lecture estim\u00e9e":"8 minutes"},"schema":{"@context":"https:\/\/schema.org","@graph":[{"@type":"WebPage","@id":"https:\/\/www.mcca-ain.org\/neanderthal\/lexique-definition-hominides-evolution-divergence-croisement\/","url":"https:\/\/www.mcca-ain.org\/neanderthal\/lexique-definition-hominides-evolution-divergence-croisement\/","name":"Lexique\/D\u00e9finition - hominid\u00e9s - Neanderthal.blog","isPartOf":{"@id":"https:\/\/www.mcca-ain.org\/neanderthal\/#website"},"datePublished":"2022-07-25T12:47:19+00:00","dateModified":"2022-07-29T15:04:46+00:00","description":"Lexique\/D\u00e9finition : Home de N\u00e9andertal, Homo sapiens, Denisova. Les derni\u00e8res d\u00e9couvertes remettent en cause le discours officiel ant\u00e9rieur","breadcrumb":{"@id":"https:\/\/www.mcca-ain.org\/neanderthal\/lexique-definition-hominides-evolution-divergence-croisement\/#breadcrumb"},"inLanguage":"fr-FR","potentialAction":[{"@type":"ReadAction","target":["https:\/\/www.mcca-ain.org\/neanderthal\/lexique-definition-hominides-evolution-divergence-croisement\/"]}]},{"@type":"BreadcrumbList","@id":"https:\/\/www.mcca-ain.org\/neanderthal\/lexique-definition-hominides-evolution-divergence-croisement\/#breadcrumb","itemListElement":[{"@type":"ListItem","position":1,"name":"Accueil","item":"https:\/\/www.mcca-ain.org\/neanderthal\/"},{"@type":"ListItem","position":2,"name":"Lexique\/D\u00e9finition"}]},{"@type":"WebSite","@id":"https:\/\/www.mcca-ain.org\/neanderthal\/#website","url":"https:\/\/www.mcca-ain.org\/neanderthal\/","name":"Neanderthal.blog","description":"R\u00e9habilitation des N\u00e9andertalien-nes extermin\u00e9s par Homo Sapiens","publisher":{"@id":"https:\/\/www.mcca-ain.org\/neanderthal\/#organization"},"potentialAction":[{"@type":"SearchAction","target":{"@type":"EntryPoint","urlTemplate":"https:\/\/www.mcca-ain.org\/neanderthal\/?s={search_term_string}"},"query-input":"required name=search_term_string"}],"inLanguage":"fr-FR"},{"@type":"Organization","@id":"https:\/\/www.mcca-ain.org\/neanderthal\/#organization","name":"Neanderthal.blog","url":"https:\/\/www.mcca-ain.org\/neanderthal\/","logo":{"@type":"ImageObject","inLanguage":"fr-FR","@id":"https:\/\/www.mcca-ain.org\/neanderthal\/#\/schema\/logo\/image\/","url":"https:\/\/www.mcca-ain.org\/neanderthal\/wp-content\/uploads\/2022\/07\/cadre-main_neandertal.png","contentUrl":"https:\/\/www.mcca-ain.org\/neanderthal\/wp-content\/uploads\/2022\/07\/cadre-main_neandertal.png","width":680,"height":680,"caption":"Neanderthal.blog"},"image":{"@id":"https:\/\/www.mcca-ain.org\/neanderthal\/#\/schema\/logo\/image\/"}}]}},"_links":{"self":[{"href":"https:\/\/www.mcca-ain.org\/neanderthal\/wp-json\/wp\/v2\/pages\/457"}],"collection":[{"href":"https:\/\/www.mcca-ain.org\/neanderthal\/wp-json\/wp\/v2\/pages"}],"about":[{"href":"https:\/\/www.mcca-ain.org\/neanderthal\/wp-json\/wp\/v2\/types\/page"}],"author":[{"embeddable":true,"href":"https:\/\/www.mcca-ain.org\/neanderthal\/wp-json\/wp\/v2\/users\/1"}],"replies":[{"embeddable":true,"href":"https:\/\/www.mcca-ain.org\/neanderthal\/wp-json\/wp\/v2\/comments?post=457"}],"version-history":[{"count":32,"href":"https:\/\/www.mcca-ain.org\/neanderthal\/wp-json\/wp\/v2\/pages\/457\/revisions"}],"predecessor-version":[{"id":736,"href":"https:\/\/www.mcca-ain.org\/neanderthal\/wp-json\/wp\/v2\/pages\/457\/revisions\/736"}],"wp:attachment":[{"href":"https:\/\/www.mcca-ain.org\/neanderthal\/wp-json\/wp\/v2\/media?parent=457"}],"curies":[{"name":"wp","href":"https:\/\/api.w.org\/{rel}","templated":true}]}}